{"id":115,"date":"2020-08-16T19:37:10","date_gmt":"2020-08-16T19:37:10","guid":{"rendered":"http:\/\/kt43.koeln\/?page_id=115"},"modified":"2025-05-15T09:53:53","modified_gmt":"2025-05-15T09:53:53","slug":"eintrittserklaerung","status":"publish","type":"page","link":"https:\/\/kt43.koeln\/?page_id=115","title":{"rendered":"Eintrittserkl\u00e4rung"},"content":{"rendered":"<p>Hier k\u00f6nnt Ihr die <em><strong>Eintrittserkl\u00e4rungen <\/strong><\/em>sowie die <em><strong>DSGVO Erkl\u00e4rung<\/strong><\/em> herunterladen:<\/p>\n<ul>\n<li><a href=\"http:\/\/kt43.koeln\/wp-content\/uploads\/2020\/08\/eintrittserklaerung_erwachsene.pdf\" target=\"_blank\" rel=\"noopener noreferrer\">Erwachsene<\/a><\/li>\n<li><a href=\"http:\/\/kt43.koeln\/wp-content\/uploads\/2020\/08\/eintrittsklaerung_kinder-jugendliche.pdf\" target=\"_blank\" rel=\"noopener noreferrer\">Kinder\/Jugendliche<\/a><\/li>\n<li>und<\/li>\n<li>ladet bitte auch die <a href=\"https:\/\/kt43.koeln\/wp-content\/uploads\/2025\/05\/DSGVOKT43.pdf\" target=\"_blank\" rel=\"noopener\">DSGVO Erkl\u00e4rung<\/a> herunter und gebt sie mit der Eintrittserkl\u00e4rung zusammen ab !!!<\/li>\n<\/ul>\n<p>F\u00fcr die <em><strong>Volleyballgruppen<\/strong><\/em> die am Spielbetrieb teilnehmen bitte diese Eintrittserkl\u00e4rungen nutzen:<\/p>\n<ul>\n<li><a href=\"https:\/\/kt43.koeln\/wp-content\/uploads\/2024\/06\/2024-01-29-Volleyball-BSF-Hobby-M1.pdf\" target=\"_blank\" rel=\"noopener\">BFS-Mannschaft KT43 K\u00f6ln 1<\/a><\/li>\n<li><a href=\"https:\/\/kt43.koeln\/wp-content\/uploads\/2024\/06\/2024-01-29-Volleyball-BSF-Hobby-M2M3.pdf\" target=\"_blank\" rel=\"noopener\">BFS-Mannschaften KT43 K\u00f6ln 2 und KT43 K\u00f6ln 3<\/a><\/li>\n<li><a href=\"https:\/\/kt43.koeln\/wp-content\/uploads\/2024\/06\/2024-01-29-Volleyball-Leistung-BSF-Damen-und-BSF-Herren.pdf\" target=\"_blank\" rel=\"noopener\">BFS-Mannschaften Damen und Herren<\/a><\/li>\n<li><a href=\"https:\/\/kt43.koeln\/wp-content\/uploads\/2024\/06\/2024-01-29-Volleyball-Leistung-DA1-und-H1.pdf\" target=\"_blank\" rel=\"noopener\">Leistungsspielbetrieb Damen 1 und Herren 1<\/a><\/li>\n<li><a href=\"https:\/\/kt43.koeln\/wp-content\/uploads\/2024\/06\/2024-01-29-Volleyball-Leistung-DA2-und-DA3.pdf\" target=\"_blank\" rel=\"noopener\">Leistungsspielbetrieb Damen 2 und Damen 3<\/a><\/li>\n<li>und<\/li>\n<li>ladet bitte auch die <a href=\"https:\/\/kt43.koeln\/wp-content\/uploads\/2025\/05\/DSGVOKT43.pdf\" target=\"_blank\" rel=\"noopener\">DSGVO Erkl\u00e4rung<\/a> herunter und gebt sie mit der Eintrittserkl\u00e4rung zusammen ab !!!<\/li>\n<\/ul>\n","protected":false},"excerpt":{"rendered":"<p>Hier k\u00f6nnt Ihr die Eintrittserkl\u00e4rungen sowie die DSGVO Erkl\u00e4rung herunterladen: Erwachsene Kinder\/Jugendliche und ladet bitte auch die DSGVO Erkl\u00e4rung herunter und gebt sie mit der Eintrittserkl\u00e4rung zusammen ab !!! F\u00fcr die Volleyballgruppen die am Spielbetrieb teilnehmen bitte diese Eintrittserkl\u00e4rungen nutzen: &hellip; <a href=\"https:\/\/kt43.koeln\/?page_id=115\">Weiterlesen <span class=\"meta-nav\">&rarr;<\/span><\/a><\/p>\n","protected":false},"author":1,"featured_media":0,"parent":0,"menu_order":0,"comment_status":"closed","ping_status":"closed","template":"","meta":{"footnotes":""},"class_list":["post-115","page","type-page","status-publish","hentry"],"_links":{"self":[{"href":"https:\/\/kt43.koeln\/index.php?rest_route=\/wp\/v2\/pages\/115","targetHints":{"allow":["GET"]}}],"collection":[{"href":"https:\/\/kt43.koeln\/index.php?rest_route=\/wp\/v2\/pages"}],"about":[{"href":"https:\/\/kt43.koeln\/index.php?rest_route=\/wp\/v2\/types\/page"}],"author":[{"embeddable":true,"href":"https:\/\/kt43.koeln\/index.php?rest_route=\/wp\/v2\/users\/1"}],"replies":[{"embeddable":true,"href":"https:\/\/kt43.koeln\/index.php?rest_route=%2Fwp%2Fv2%2Fcomments&post=115"}],"version-history":[{"count":11,"href":"https:\/\/kt43.koeln\/index.php?rest_route=\/wp\/v2\/pages\/115\/revisions"}],"predecessor-version":[{"id":816,"href":"https:\/\/kt43.koeln\/index.php?rest_route=\/wp\/v2\/pages\/115\/revisions\/816"}],"wp:attachment":[{"href":"https:\/\/kt43.koeln\/index.php?rest_route=%2Fwp%2Fv2%2Fmedia&parent=115"}],"curies":[{"name":"wp","href":"https:\/\/api.w.org\/{rel}","templated":true}]}}