{"id":119,"date":"2020-08-16T19:46:56","date_gmt":"2020-08-16T19:46:56","guid":{"rendered":"http:\/\/kt43.koeln\/?page_id=119"},"modified":"2026-02-15T17:40:47","modified_gmt":"2026-02-15T17:40:47","slug":"jobboerse","status":"publish","type":"page","link":"https:\/\/kt43.koeln\/?page_id=119","title":{"rendered":"Jobb\u00f6rse"},"content":{"rendered":"<p><span style=\"color: #000000;\"><em><strong>\u00dcbungsleiter dringend gesucht !<\/strong><\/em><\/span><time class=\"entry-date\" datetime=\"2023-02-18T12:04:29+00:00\"><\/time><\/p>\n<div class=\"entry-content\">\n<p class=\"western\"><span style=\"font-family: Calibri, sans-serif;\"><span style=\"font-size: large;\">Die K\u00f6lner Turnerschaft von 1843 e.V. sucht ab Februar 2026 Lehrkr\u00e4fte mit Erfahrung im Bereich Kinder-Erlebnisturnen sowie Kinder- und Jugendturnen f\u00fcr unsere vier Kindergruppen in der GGS Stenzelbergstra\u00dfe 3, 50939 K\u00f6ln. Die Gruppen finden mittwochs von 16:00 bis 20:15 Uhr statt.<\/span><\/span><\/p>\n<p class=\"western\"><span style=\"font-family: Calibri, sans-serif;\"><span style=\"font-size: large;\">Willkommen sind Sportwissenschaftler*innen und Sportlehrer*innen oder Studierende der Sportwissenschaft sowie \u00dcbungsleiter*innen mit \u00dcbungsleiterschein C.<\/span><\/span><\/p>\n<p class=\"western\"><span style=\"font-family: Calibri, sans-serif;\"><span style=\"font-size: large;\">Von Vorteil sind eigene Erfahrungen im Bereich Turnen. W\u00fcnschenswert sind zudem Kenntnisse im Einsatz von Ger\u00e4telandschaften unter erlebnisp\u00e4dagogischen Aspekten einschlie\u00dflich der klassischen Turnger\u00e4te (Ringe, Reck, Barren, Balken, Boden, Trampolin). Eine Qualifizierung in diesen Bereichen kann auch durch Hospitationen und vereinsinterne Schulungen erfolgen.<\/span><\/span><\/p>\n<p class=\"western\"><span style=\"font-family: Calibri, sans-serif;\"><span style=\"font-size: large;\">Wir bieten eine gute Bezahlung. Studierende, Referendare und Auszubildende haben bei uns wertvolle M\u00f6glichkeiten, Lehrerfahrungen zu sammeln.<\/span><\/span><\/p>\n<p><span style=\"color: #000066;\"><span style=\"font-family: Verdana, sans-serif;\"><span style=\"font-size: small;\"><span style=\"color: #000000;\"><span style=\"font-family: Calibri, sans-serif;\"><span style=\"font-size: large;\">Wenn du Lust hast, dich im Vereinssport einzubringen, um Kinder auf ihrem Weg in die Welt der Bewegung zu begleiten, freuen wir uns auf deine Bewerbung.<\/span><\/span><\/span><\/span><\/span><\/span><\/p>\n<p><span style=\"color: #000066;\"><span style=\"font-family: Verdana, sans-serif;\"><span style=\"font-size: small;\"><span style=\"color: #000000;\"><span style=\"font-family: Calibri, sans-serif;\"><span style=\"font-size: large;\">Kontakt:<\/span><\/span><\/span><\/span><\/span><\/span><\/p>\n<p><span style=\"font-family: Calibri, sans-serif;\"><span style=\"font-size: large;\">Gesch\u00e4ftsf\u00fchrer Gerd Wingert<\/span><\/span><\/p>\n<p><span style=\"font-family: Calibri, sans-serif;\"><span style=\"font-size: large;\">mail@kt43.de<\/span><\/span><\/p>\n<p>&#8212;<\/p>\n<p>Vielen Dank f\u00fcr eure Mithilfe !<\/p>\n<p>Viele Gr\u00fc\u00dfe Udo<\/p>\n<ul>\n<li>i.A. K\u00f6lner Turnerschaft \u2013 EDV<\/li>\n<\/ul>\n<\/div>\n","protected":false},"excerpt":{"rendered":"<p>\u00dcbungsleiter dringend gesucht ! Die K\u00f6lner Turnerschaft von 1843 e.V. sucht ab Februar 2026 Lehrkr\u00e4fte mit Erfahrung im Bereich Kinder-Erlebnisturnen sowie Kinder- und Jugendturnen f\u00fcr unsere vier Kindergruppen in der GGS Stenzelbergstra\u00dfe 3, 50939 K\u00f6ln. Die Gruppen finden mittwochs von &hellip; <a href=\"https:\/\/kt43.koeln\/?page_id=119\">Weiterlesen <span class=\"meta-nav\">&rarr;<\/span><\/a><\/p>\n","protected":false},"author":1,"featured_media":0,"parent":0,"menu_order":0,"comment_status":"closed","ping_status":"closed","template":"","meta":{"footnotes":""},"class_list":["post-119","page","type-page","status-publish","hentry"],"_links":{"self":[{"href":"https:\/\/kt43.koeln\/index.php?rest_route=\/wp\/v2\/pages\/119","targetHints":{"allow":["GET"]}}],"collection":[{"href":"https:\/\/kt43.koeln\/index.php?rest_route=\/wp\/v2\/pages"}],"about":[{"href":"https:\/\/kt43.koeln\/index.php?rest_route=\/wp\/v2\/types\/page"}],"author":[{"embeddable":true,"href":"https:\/\/kt43.koeln\/index.php?rest_route=\/wp\/v2\/users\/1"}],"replies":[{"embeddable":true,"href":"https:\/\/kt43.koeln\/index.php?rest_route=%2Fwp%2Fv2%2Fcomments&post=119"}],"version-history":[{"count":7,"href":"https:\/\/kt43.koeln\/index.php?rest_route=\/wp\/v2\/pages\/119\/revisions"}],"predecessor-version":[{"id":848,"href":"https:\/\/kt43.koeln\/index.php?rest_route=\/wp\/v2\/pages\/119\/revisions\/848"}],"wp:attachment":[{"href":"https:\/\/kt43.koeln\/index.php?rest_route=%2Fwp%2Fv2%2Fmedia&parent=119"}],"curies":[{"name":"wp","href":"https:\/\/api.w.org\/{rel}","templated":true}]}}