{"id":128,"date":"2020-08-16T19:58:47","date_gmt":"2020-08-16T19:58:47","guid":{"rendered":"http:\/\/kt43.koeln\/?page_id=128"},"modified":"2020-08-16T19:58:47","modified_gmt":"2020-08-16T19:58:47","slug":"newsletter","status":"publish","type":"page","link":"https:\/\/kt43.koeln\/?page_id=128","title":{"rendered":"Newsletter"},"content":{"rendered":"<p>Einmal im Quartal informiert die K\u00f6lner Turnerschaft ihre Mitglieder und Interessierte \u00fcber:<\/p>\n<ul>\n<li>Neue Angebote<\/li>\n<li>Neuigkeiten aus den Abteilungen (freie Pl\u00e4tze, Wettk\u00e4mpfe, Siege und Erfolge)<\/li>\n<li>Mitteilungen aus der Gesch\u00e4ftsstelle, dem Vorstand<\/li>\n<li>Nachrichten von Mitgliedern<\/li>\n<li>Hinweise auf Termine (Mitgliederversammlungen, Feste und besondere Veranstaltungen wie Kinderspielfest, K\u00f6lnCup, Volleyball Turnier, Oktoberfest, Akrobatentreffen etc.)<\/li>\n<li>Wissenswertes zu Sport, Fitness und Gesundheit<\/li>\n<\/ul>\n<p>Abonnieren Sie unseren Newsletter per E-Mail &#8211; <a href=\"mailto:kt43@gmx.de\" target=\"_blank\" rel=\"noopener noreferrer\">kt43@gmx.de<\/a><\/p>\n<p>Kennen Sie jemanden, der diese Informationen auch bekommen m\u00f6chte? Website an eine\/n Freund\/in versenden<\/p>\n<p>Sie m\u00f6chten den Newsletter abbestellen? Senden Sie uns eine E-Mail mit <a href=\"mailto:kt43@gmx.de\" target=\"_blank\" rel=\"noopener noreferrer\">\u201eNewsletter abbestellen\u201c<\/a> in der Betreffzeile.<\/p>\n","protected":false},"excerpt":{"rendered":"<p>Einmal im Quartal informiert die K\u00f6lner Turnerschaft ihre Mitglieder und Interessierte \u00fcber: Neue Angebote Neuigkeiten aus den Abteilungen (freie Pl\u00e4tze, Wettk\u00e4mpfe, Siege und Erfolge) Mitteilungen aus der Gesch\u00e4ftsstelle, dem Vorstand Nachrichten von Mitgliedern Hinweise auf Termine (Mitgliederversammlungen, Feste und besondere &hellip; <a href=\"https:\/\/kt43.koeln\/?page_id=128\">Weiterlesen <span class=\"meta-nav\">&rarr;<\/span><\/a><\/p>\n","protected":false},"author":1,"featured_media":0,"parent":0,"menu_order":0,"comment_status":"closed","ping_status":"closed","template":"","meta":{"footnotes":""},"class_list":["post-128","page","type-page","status-publish","hentry"],"_links":{"self":[{"href":"https:\/\/kt43.koeln\/index.php?rest_route=\/wp\/v2\/pages\/128","targetHints":{"allow":["GET"]}}],"collection":[{"href":"https:\/\/kt43.koeln\/index.php?rest_route=\/wp\/v2\/pages"}],"about":[{"href":"https:\/\/kt43.koeln\/index.php?rest_route=\/wp\/v2\/types\/page"}],"author":[{"embeddable":true,"href":"https:\/\/kt43.koeln\/index.php?rest_route=\/wp\/v2\/users\/1"}],"replies":[{"embeddable":true,"href":"https:\/\/kt43.koeln\/index.php?rest_route=%2Fwp%2Fv2%2Fcomments&post=128"}],"version-history":[{"count":1,"href":"https:\/\/kt43.koeln\/index.php?rest_route=\/wp\/v2\/pages\/128\/revisions"}],"predecessor-version":[{"id":129,"href":"https:\/\/kt43.koeln\/index.php?rest_route=\/wp\/v2\/pages\/128\/revisions\/129"}],"wp:attachment":[{"href":"https:\/\/kt43.koeln\/index.php?rest_route=%2Fwp%2Fv2%2Fmedia&parent=128"}],"curies":[{"name":"wp","href":"https:\/\/api.w.org\/{rel}","templated":true}]}}