{"id":131,"date":"2020-08-16T20:04:56","date_gmt":"2020-08-16T20:04:56","guid":{"rendered":"http:\/\/kt43.koeln\/?page_id=131"},"modified":"2020-08-17T07:14:12","modified_gmt":"2020-08-17T07:14:12","slug":"links","status":"publish","type":"page","link":"https:\/\/kt43.koeln\/?page_id=131","title":{"rendered":"Links"},"content":{"rendered":"<p><em><strong>Weitere Seiten der K\u00f6lner Turnerschaft:<br \/>\n<\/strong><\/em><a href=\"http:\/\/kt43-175jahre.de\/\" target=\"_blank\" rel=\"noopener noreferrer\">175-Jahre K\u00f6lner Turnerschaft<\/a><br \/>\n<a href=\"http:\/\/kt43-volleyball.de\" target=\"_blank\" rel=\"noopener noreferrer\">Volleyballseite der KT43<\/a><\/p>\n<p><em><strong>Allgemeine Links:<br \/>\n<\/strong><\/em><a href=\"https:\/\/www.ssbk.de\/ueber-uns\/bildungswerk.html\" target=\"_blank\" rel=\"noopener noreferrer\">SportBildungswerk im Landessportbund NRW<\/a><br \/>\n<a href=\"https:\/\/www.ssbk.de\/home.html\" target=\"_blank\" rel=\"noopener noreferrer\">Stadtsportbund K\u00f6ln<\/a><br \/>\n<a href=\"https:\/\/www.sportbildungswerk-nrw.de\/koeln\/\" target=\"_blank\" rel=\"noopener noreferrer\">Sportkurse ssb\/Sportbildungswerk<\/a><br \/>\n<a href=\"https:\/\/www.lsb.nrw\/\" target=\"_blank\" rel=\"noopener noreferrer\">Landessportbund NRW<\/a><br \/>\n<a href=\"https:\/\/www.dosb.de\/\" target=\"_blank\" rel=\"noopener noreferrer\">Deutscher Olympischer Sportbund (DOSB)<\/a><\/p>\n<p><em><strong>Volleyball:<br \/>\n<\/strong><\/em><a href=\"http:\/\/volleyballkreis-koeln.de\/\" target=\"_blank\" rel=\"noopener noreferrer\">Volleyballkreis K\u00f6ln<\/a><br \/>\n<a href=\"https:\/\/www.volleyball.nrw\/\" target=\"_blank\" rel=\"noopener noreferrer\">Westdeutscher Volleyballverband<\/a><br \/>\n<a href=\"http:\/\/www.volleyball-verband.de\/de\/\" target=\"_blank\" rel=\"noopener noreferrer\">Deutscher Volleyballverband<\/a><br \/>\n<a href=\"https:\/\/kubvolley.de\/bfs-wart\/\" target=\"_blank\" rel=\"noopener noreferrer\">Kreis-BFS-Wart<\/a> mit <a href=\"https:\/\/kubvolley.de\/bfs-kreispokal-koeln\/\" target=\"_blank\" rel=\"noopener noreferrer\">Kreispokal der Mixedmannschaften<\/a><\/p>\n<p><em><strong>Turnen:<br \/>\n<\/strong><\/em><a href=\"https:\/\/www.turnverband.koeln\/\" target=\"_blank\" rel=\"noopener noreferrer\">Turnverband K\u00f6ln<\/a><br \/>\n<a href=\"https:\/\/www.dtb.de\/\" target=\"_blank\" rel=\"noopener noreferrer\">Deutscher Turner-Bund<\/a><\/p>\n","protected":false},"excerpt":{"rendered":"<p>Weitere Seiten der K\u00f6lner Turnerschaft: 175-Jahre K\u00f6lner Turnerschaft Volleyballseite der KT43 Allgemeine Links: SportBildungswerk im Landessportbund NRW Stadtsportbund K\u00f6ln Sportkurse ssb\/Sportbildungswerk Landessportbund NRW Deutscher Olympischer Sportbund (DOSB) Volleyball: Volleyballkreis K\u00f6ln Westdeutscher Volleyballverband Deutscher Volleyballverband Kreis-BFS-Wart mit Kreispokal der Mixedmannschaften Turnen: &hellip; <a href=\"https:\/\/kt43.koeln\/?page_id=131\">Weiterlesen <span class=\"meta-nav\">&rarr;<\/span><\/a><\/p>\n","protected":false},"author":1,"featured_media":0,"parent":0,"menu_order":0,"comment_status":"closed","ping_status":"closed","template":"","meta":{"footnotes":""},"class_list":["post-131","page","type-page","status-publish","hentry"],"_links":{"self":[{"href":"https:\/\/kt43.koeln\/index.php?rest_route=\/wp\/v2\/pages\/131","targetHints":{"allow":["GET"]}}],"collection":[{"href":"https:\/\/kt43.koeln\/index.php?rest_route=\/wp\/v2\/pages"}],"about":[{"href":"https:\/\/kt43.koeln\/index.php?rest_route=\/wp\/v2\/types\/page"}],"author":[{"embeddable":true,"href":"https:\/\/kt43.koeln\/index.php?rest_route=\/wp\/v2\/users\/1"}],"replies":[{"embeddable":true,"href":"https:\/\/kt43.koeln\/index.php?rest_route=%2Fwp%2Fv2%2Fcomments&post=131"}],"version-history":[{"count":5,"href":"https:\/\/kt43.koeln\/index.php?rest_route=\/wp\/v2\/pages\/131\/revisions"}],"predecessor-version":[{"id":162,"href":"https:\/\/kt43.koeln\/index.php?rest_route=\/wp\/v2\/pages\/131\/revisions\/162"}],"wp:attachment":[{"href":"https:\/\/kt43.koeln\/index.php?rest_route=%2Fwp%2Fv2%2Fmedia&parent=131"}],"curies":[{"name":"wp","href":"https:\/\/api.w.org\/{rel}","templated":true}]}}