{"id":163,"date":"2020-08-18T10:13:48","date_gmt":"2020-08-18T10:13:48","guid":{"rendered":"http:\/\/kt43.koeln\/?page_id=163"},"modified":"2025-09-13T12:32:07","modified_gmt":"2025-09-13T12:32:07","slug":"volleyball","status":"publish","type":"page","link":"https:\/\/kt43.koeln\/?page_id=163","title":{"rendered":"Volleyball"},"content":{"rendered":"<p><span style=\"color: #ff0000;\"><strong>Volleyball (Hobby + BFS)<\/strong><\/span><br \/>\n<em><strong>Alle Infos zu den Mannschaften findet Ihr unter <\/strong><\/em><a href=\"http:\/\/www.KT43-Volleyball.de\" target=\"_blank\" rel=\"noopener noreferrer\"><em><strong>KT43-Volleyball.de<\/strong><\/em><\/a><\/p>\n<p>GGS Stenzelbergstr. 3, 50939 K\u00f6ln<br \/>\nMixed-Hobby Breitensport, kein Ligabetrieb Do. 20:00 \u2013 22:00 Uhr<\/p>\n<p>Pf\u00e4lzer Stra\u00dfe 30, 50677 K\u00f6ln<br \/>\nBFS-Mixed 1 (Oberliga) Do. 19:30 \u2013 21:30 Uhr<\/p>\n<p>Alte Wallgasse (K\u00f6nigin-Luise-Schule)<br \/>\nBFS-Mixed 2 (Bezirksliga) Mo. 19:30 \u2013 22:00 Uhr<br \/>\nInternetseite der 2. Mannschaft: <a href=\"https:\/\/kubvolley.de\/kt43-koeln-2\/\" target=\"_blank\" rel=\"noopener noreferrer\">KT2<\/a><\/p>\n<p>Vogelsanger Str. 1, 50672 K\u00f6ln<br \/>\nBFS-Mixed 3 (Bezirksklasse K\u00f6ln) Di. 19:45 \u2013 22:00 Uhr<\/p>\n<p>Vogelsanger Str. 1, 50672 K\u00f6ln<br \/>\nBFS-Damen (Bezirksliga) &#8211; Mo. 19:45 &#8211; 22:00 Uhr<\/p>\n<p>Vogelsanger Str. 1, 50672 K\u00f6ln<br \/>\nBFS-Herren (Landesliga) &#8211; Mi. 20:00 &#8211; 21:45 Uhr<\/p>\n<p><span style=\"color: #ff0000;\"><strong>Volleyball (Leistung)<\/strong><\/span><br \/>\nTermine der Ligaspiele unter www.KT43-Volleyball.de<br \/>\nVogelsanger Str. 1, 50672 K\u00f6ln<br \/>\n1. Herren (Oberliga) Mo.\/ Do. 19:45 \u2013 22:00 Uhr<br \/>\n1. Damen (Oberliga) Die.\/ Do. 19:45 \u2013 22:00 Uhr<br \/>\n2. Damen (Landesliga) Die.\/ Do. 19:45 \u2013 22:00 Uhr<br \/>\n3. Damen (Bezirksklasse) Mo.\/Mi. 19:45 \u2013 22:00 Uhr<\/p>\n<p><span style=\"color: #ff0000;\"><strong>Volleyball (Kinder\/Jugend &#8211; Anf\u00e4nger\/Fortgeschrittene)<\/strong><\/span><br \/>\nVogelsanger Str. 1, 50672 K\u00f6ln<br \/>\nMixed-Kinder ab 11 bis 14 Jahren Mo. 18:00 \u2013 19:30 Uhr<\/p>\n<p>Mommsenstra\u00dfe 5, 50935 K\u00f6ln-S\u00fclz<br \/>\nM\u00e4dchen + Jungen ab 10 bis 14 Jahren Die. 17:30 bis 19:00 Uhr<\/p>\n<p><span style=\"color: #ff0000;\"><strong>Volleyball (Offenes Angebot Jugend &#8211; Fortgeschrittene und Leistung)<br \/>\n<\/strong><\/span>Vogelsanger Str. 1, 50672 K\u00f6ln<br \/>\nJugend (weiblich\/m\u00e4nnlich) ab 15 bis 18 Jahren (U18) Mi. 18:00 \u2013 19:30 Uhr<\/p>\n<p><span style=\"color: #ff0000;\"><strong>Volleyball (Jugend \u2013 Leistung mU18\/wU18)<\/strong><\/span><br \/>\nVogelsanger Str. 1, 50672 K\u00f6ln<br \/>\nJugend (weiblich\/m\u00e4nnlich) ab 15 bis 18 Jahren (U18) Do. 18:00 \u2013 19:30 Uhr<\/p>\n","protected":false},"excerpt":{"rendered":"<p>Volleyball (Hobby + BFS) Alle Infos zu den Mannschaften findet Ihr unter KT43-Volleyball.de GGS Stenzelbergstr. 3, 50939 K\u00f6ln Mixed-Hobby Breitensport, kein Ligabetrieb Do. 20:00 \u2013 22:00 Uhr Pf\u00e4lzer Stra\u00dfe 30, 50677 K\u00f6ln BFS-Mixed 1 (Oberliga) Do. 19:30 \u2013 21:30 Uhr &hellip; <a href=\"https:\/\/kt43.koeln\/?page_id=163\">Weiterlesen <span class=\"meta-nav\">&rarr;<\/span><\/a><\/p>\n","protected":false},"author":1,"featured_media":0,"parent":0,"menu_order":0,"comment_status":"closed","ping_status":"closed","template":"","meta":{"footnotes":""},"class_list":["post-163","page","type-page","status-publish","hentry"],"_links":{"self":[{"href":"https:\/\/kt43.koeln\/index.php?rest_route=\/wp\/v2\/pages\/163","targetHints":{"allow":["GET"]}}],"collection":[{"href":"https:\/\/kt43.koeln\/index.php?rest_route=\/wp\/v2\/pages"}],"about":[{"href":"https:\/\/kt43.koeln\/index.php?rest_route=\/wp\/v2\/types\/page"}],"author":[{"embeddable":true,"href":"https:\/\/kt43.koeln\/index.php?rest_route=\/wp\/v2\/users\/1"}],"replies":[{"embeddable":true,"href":"https:\/\/kt43.koeln\/index.php?rest_route=%2Fwp%2Fv2%2Fcomments&post=163"}],"version-history":[{"count":17,"href":"https:\/\/kt43.koeln\/index.php?rest_route=\/wp\/v2\/pages\/163\/revisions"}],"predecessor-version":[{"id":844,"href":"https:\/\/kt43.koeln\/index.php?rest_route=\/wp\/v2\/pages\/163\/revisions\/844"}],"wp:attachment":[{"href":"https:\/\/kt43.koeln\/index.php?rest_route=%2Fwp%2Fv2%2Fmedia&parent=163"}],"curies":[{"name":"wp","href":"https:\/\/api.w.org\/{rel}","templated":true}]}}