{"id":167,"date":"2020-08-18T10:15:31","date_gmt":"2020-08-18T10:15:31","guid":{"rendered":"http:\/\/kt43.koeln\/?page_id=167"},"modified":"2025-05-27T14:52:16","modified_gmt":"2025-05-27T14:52:16","slug":"kinder-erlebnisturnen-2","status":"publish","type":"page","link":"https:\/\/kt43.koeln\/?page_id=167","title":{"rendered":"Kinder-Erlebnisturnen"},"content":{"rendered":"<p><span style=\"color: #000000;\"><em><strong>Aktualisiert am 27.05.2025<\/strong><\/em><\/span><\/p>\n<p><strong><span style=\"color: #ff0000;\">Kinder-Erlebnisturnen &#8211; Aktuell in allen Gruppen Aufnahmestopp<br \/>\n<\/span><\/strong><\/p>\n<p>Sporthalle des Gymnasium Kreuzgasse, Vogelsangerstr. 1, 50672 K\u00f6ln<br \/>\n(Umgezogen wegen Abri\u00df der Turnhalle Antwerpener Stra\u00dfe)<br \/>\n3 bis 5 Jahre Mo. 16:45 \u2013 17:45 Uhr <span style=\"color: #000000;\"><em><strong>A<\/strong><strong>ktuell Aufnahmestopp !<\/strong><\/em><\/span><br \/>\n6 bis 9 Jahre Do. 16:45 \u2013 17:45 Uhr <span style=\"color: #000000;\"><em><strong>Aktuell Aufnahmestopp !<\/strong><\/em><\/span><\/p>\n<p>Bachemer Stra\u00dfe 69, 50931 K\u00f6ln-Lindenthal<br \/>\n6 bis 7 Jahre Fr. 15:15 \u2013 16:15 Uhr<br \/>\n7 Jahre und \u00e4lter Fr. 16:15 \u2013 17:30 Uhr\u00a0\u00a0 <em><strong>A<\/strong><strong>ktuell Aufnahmestopp !<\/strong><\/em><\/p>\n<p>C\u00e4sarstra\u00dfe 21, 50968 K\u00f6ln-Bayenthal<br \/>\n3 bis 5 Jahre Fr. 16:15 \u2013 17:15 Uhr\u00a0 \u00a0 \u00a0 <em><strong>A<\/strong><strong>ktuell Aufnahmestopp !<\/strong><\/em><br \/>\n6 bis 8 Jahre Fr. 17:15 \u2013 18:15 Uhr\u00a0\u00a0\u00a0\u00a0\u00a0 <em><strong>A<\/strong><strong>ktuell Aufnahmestopp !<\/strong><\/em><br \/>\n9 bis 13 Jahre Fr. 18:15 \u2013 19:30 Uhr\u00a0\u00a0\u00a0 <em><strong>A<\/strong><strong>ktuell Aufnahmestopp !<\/strong><\/em><\/p>\n<p>Dagobertstra\u00dfe 79, 50668 K\u00f6ln-Innenstadt\/Nord<br \/>\n3 bis 5 Jahre Fr. 16:00 \u2013 17:00 Uhr<br \/>\n6 bis 9 Jahre Fr. 17:00 \u2013 18:00 Uhr<\/p>\n<p>Lindenburger Allee 38, 50931 K\u00f6ln-Lindenthal<br \/>\n3 bis 5 Jahre Mo. 17:30 \u2013 18:15 Uhr<br \/>\n6 bis 8 Jahre Mo. 18:15 \u2013 19:00 Uhr\u00a0 <em><strong>A<\/strong><strong>ktuell Aufnahmestopp !<\/strong><\/em><br \/>\n3 bis 5 Jahre Mi. 15:45 \u2013 16:45 Uhr<br \/>\n6 bis 8 Jahre Mi. 16:45 \u2013 17:45 Uhr \u00a0\u00a0 <em><strong>A<\/strong><strong>ktuell Aufnahmestopp !<\/strong><\/em><\/p>\n<p>Mommsenstr. 5, 50935 K\u00f6ln-S\u00fclz<br \/>\n3 bis 6 Jahre Di. 16:15 \u2013 17:15 Uhr\u00a0\u00a0 <em><strong>A<\/strong><strong>ktuell Aufnahmestopp !<\/strong><\/em><br \/>\n3 bis 5 Jahre Do. 16:30 \u2013 17:30 Uhr\u00a0 <em><strong>A<\/strong><strong>ktuell Aufnahmestopp !<\/strong><\/em><br \/>\n6 bis 8 Jahre Do. 17:30 \u2013 18:30 Uhr\u00a0 <em><strong>A<\/strong><strong>ktuell Aufnahmestopp !<\/strong><\/em><\/p>\n<p>Stenzelbergstr. 3, 50939 K\u00f6ln-Klettenberg<br \/>\n3 bis 5 Jahre Mi. 16:15 \u2013 17:00 Uhr \u00a0 \u00a0 <em><strong>A<\/strong><strong>ktuell Aufnahmestopp !<\/strong><\/em><br \/>\n5 bis 7 Jahre Mi. 17:00 \u2013 17:45 Uhr\u00a0 \u00a0\u00a0 <em><strong>A<\/strong><strong>ktuell Aufnahmestopp !<\/strong><\/em><br \/>\n7 bis 9 Jahre Mi. 17:45 \u2013 18:45 Uhr\u00a0\u00a0\u00a0\u00a0 <em><strong>A<\/strong><strong>ktuell Aufnahmestopp !<\/strong><\/em><br \/>\n10 bis 15 Jahre Mi. 18:45 \u2013 20:00 Uhr <em><strong>A<\/strong><strong>ktuell Aufnahmestopp !<\/strong><\/em><\/p>\n","protected":false},"excerpt":{"rendered":"<p>Aktualisiert am 27.05.2025 Kinder-Erlebnisturnen &#8211; Aktuell in allen Gruppen Aufnahmestopp Sporthalle des Gymnasium Kreuzgasse, Vogelsangerstr. 1, 50672 K\u00f6ln (Umgezogen wegen Abri\u00df der Turnhalle Antwerpener Stra\u00dfe) 3 bis 5 Jahre Mo. 16:45 \u2013 17:45 Uhr Aktuell Aufnahmestopp ! 6 bis 9 &hellip; <a href=\"https:\/\/kt43.koeln\/?page_id=167\">Weiterlesen <span class=\"meta-nav\">&rarr;<\/span><\/a><\/p>\n","protected":false},"author":1,"featured_media":0,"parent":0,"menu_order":0,"comment_status":"closed","ping_status":"closed","template":"","meta":{"footnotes":""},"class_list":["post-167","page","type-page","status-publish","hentry"],"_links":{"self":[{"href":"https:\/\/kt43.koeln\/index.php?rest_route=\/wp\/v2\/pages\/167","targetHints":{"allow":["GET"]}}],"collection":[{"href":"https:\/\/kt43.koeln\/index.php?rest_route=\/wp\/v2\/pages"}],"about":[{"href":"https:\/\/kt43.koeln\/index.php?rest_route=\/wp\/v2\/types\/page"}],"author":[{"embeddable":true,"href":"https:\/\/kt43.koeln\/index.php?rest_route=\/wp\/v2\/users\/1"}],"replies":[{"embeddable":true,"href":"https:\/\/kt43.koeln\/index.php?rest_route=%2Fwp%2Fv2%2Fcomments&post=167"}],"version-history":[{"count":26,"href":"https:\/\/kt43.koeln\/index.php?rest_route=\/wp\/v2\/pages\/167\/revisions"}],"predecessor-version":[{"id":827,"href":"https:\/\/kt43.koeln\/index.php?rest_route=\/wp\/v2\/pages\/167\/revisions\/827"}],"wp:attachment":[{"href":"https:\/\/kt43.koeln\/index.php?rest_route=%2Fwp%2Fv2%2Fmedia&parent=167"}],"curies":[{"name":"wp","href":"https:\/\/api.w.org\/{rel}","templated":true}]}}