{"id":171,"date":"2020-08-18T10:17:43","date_gmt":"2020-08-18T10:17:43","guid":{"rendered":"http:\/\/kt43.koeln\/?page_id=171"},"modified":"2024-01-07T20:39:19","modified_gmt":"2024-01-07T20:39:19","slug":"gymnastik","status":"publish","type":"page","link":"https:\/\/kt43.koeln\/?page_id=171","title":{"rendered":"Gymnastik"},"content":{"rendered":"<p><span style=\"color: #ff0000;\"><strong>Gymnastik<\/strong><\/span><br \/>\nFit und entspannt am Feierabend<br \/>\nAntwerpener Str. 19 \u2013 29, 50672 K\u00f6ln<br \/>\nAusgleichsgymnastik 50plus Die. 17:30 \u2013 19:00 Uhr<\/p>\n<p>Lindenburger Allee 38, 50931 K\u00f6ln<br \/>\nAusgleichsgymnastik 30plus Mo. 19:45 \u2013 21:00 Uhr<\/p>\n<p>Fu\u00dffallstra\u00dfe 55, 51109 K\u00f6ln<br \/>\nFitnessgymnastik 50-70plus Mo. 18:15 \u2013 19:30 Uhr<\/p>\n<p>Vereinszentrum K\u00f6lner Turnerschaft<br \/>\nVogelsanger Str. 1, 50672 K\u00f6ln<br \/>\nAusgleichsgymnastik 50plus Mo. 18:00 \u2013 19:00 Uhr<br \/>\nR\u00fcckenfitness 60plus Mi. 10:00 \u2013 11:15 Uhr<br \/>\nFitnessgymnastik\/R\u00fcckenfit 40plus Do. 19:00 \u2013 20:00 Uhr<\/p>\n","protected":false},"excerpt":{"rendered":"<p>Gymnastik Fit und entspannt am Feierabend Antwerpener Str. 19 \u2013 29, 50672 K\u00f6ln Ausgleichsgymnastik 50plus Die. 17:30 \u2013 19:00 Uhr Lindenburger Allee 38, 50931 K\u00f6ln Ausgleichsgymnastik 30plus Mo. 19:45 \u2013 21:00 Uhr Fu\u00dffallstra\u00dfe 55, 51109 K\u00f6ln Fitnessgymnastik 50-70plus Mo. 18:15 &hellip; <a href=\"https:\/\/kt43.koeln\/?page_id=171\">Weiterlesen <span class=\"meta-nav\">&rarr;<\/span><\/a><\/p>\n","protected":false},"author":1,"featured_media":0,"parent":0,"menu_order":0,"comment_status":"closed","ping_status":"closed","template":"","meta":{"footnotes":""},"class_list":["post-171","page","type-page","status-publish","hentry"],"_links":{"self":[{"href":"https:\/\/kt43.koeln\/index.php?rest_route=\/wp\/v2\/pages\/171","targetHints":{"allow":["GET"]}}],"collection":[{"href":"https:\/\/kt43.koeln\/index.php?rest_route=\/wp\/v2\/pages"}],"about":[{"href":"https:\/\/kt43.koeln\/index.php?rest_route=\/wp\/v2\/types\/page"}],"author":[{"embeddable":true,"href":"https:\/\/kt43.koeln\/index.php?rest_route=\/wp\/v2\/users\/1"}],"replies":[{"embeddable":true,"href":"https:\/\/kt43.koeln\/index.php?rest_route=%2Fwp%2Fv2%2Fcomments&post=171"}],"version-history":[{"count":10,"href":"https:\/\/kt43.koeln\/index.php?rest_route=\/wp\/v2\/pages\/171\/revisions"}],"predecessor-version":[{"id":742,"href":"https:\/\/kt43.koeln\/index.php?rest_route=\/wp\/v2\/pages\/171\/revisions\/742"}],"wp:attachment":[{"href":"https:\/\/kt43.koeln\/index.php?rest_route=%2Fwp%2Fv2%2Fmedia&parent=171"}],"curies":[{"name":"wp","href":"https:\/\/api.w.org\/{rel}","templated":true}]}}