{"id":177,"date":"2020-08-18T10:19:07","date_gmt":"2020-08-18T10:19:07","guid":{"rendered":"http:\/\/kt43.koeln\/?page_id=177"},"modified":"2024-09-07T17:25:32","modified_gmt":"2024-09-07T17:25:32","slug":"akrobatik-fuer-kinder","status":"publish","type":"page","link":"https:\/\/kt43.koeln\/?page_id=177","title":{"rendered":"Akrobatik f\u00fcr Erwachsene \/ f\u00fcr Kinder"},"content":{"rendered":"<p><span style=\"color: #ff0000;\"><strong>Akrobatik f\u00fcr Erwachsene<\/strong><\/span><br \/>\nPartnerfiguren: Flieger, Schulterst\u00e4nde, Menschenpyramiden, Elemente aus dem Bodenturnen<br \/>\nVereinszentrum K\u00f6lner Turnerschaft<br \/>\nVogelsanger Str. 1, 50672 K\u00f6ln<br \/>\nFrauen + M\u00e4nner Di.\u00a0 20:00 &#8211; 22:00 Uhr<br \/>\nFrauen + M\u00e4nner Mi. 19:30 \u2013 22:00 Uhr<\/p>\n<p><span style=\"color: #ff0000;\"><strong>Akrobatik f\u00fcr Kinder<\/strong><\/span><br \/>\nAuf spielerische Art und Weise werden Partnerfiguren, Menschenpyramiden und Elemente aus dem Bodenturnen miteinander verbunden. Wenn ihr Lust habt, Doppelrollen, ungew\u00f6hnliche R\u00e4der, Schulterst\u00e4nde und mehr zu lernen, dann kommt doch mal f\u00fcr eine Schnupperstunde vorbei! Trainerin: Viola Besemer (Akrobatin und Zirkuslehrerin)<br \/>\nVereinszentrum K\u00f6lner Turnerschaft<br \/>\nVogelsanger Str. 1, 50672 K\u00f6ln<br \/>\nab 8 bis 10\/11 Jahre Mi. 16:00 \u2013 17:30 Uhr\u00a0 &#8211; <em><span style=\"color: #ff0000;\"><strong>A<\/strong><\/span><strong><span style=\"color: #ff0000;\">ktuell Aufnahmestopp ! &#8211; Stand 07.09.2024<\/span><\/strong><\/em><br \/>\nab 10\/11 Jahre (ab Schulklasse 5) Mi. 17:30 \u2013 19:00 Uhr &#8211;\u00a0<span style=\"color: #ff0000;\"><em><strong>A<\/strong><strong>ktuell Aufnahmestopp ! &#8211; Stand 07.09.2024<\/strong><\/em><\/span><\/p>\n","protected":false},"excerpt":{"rendered":"<p>Akrobatik f\u00fcr Erwachsene Partnerfiguren: Flieger, Schulterst\u00e4nde, Menschenpyramiden, Elemente aus dem Bodenturnen Vereinszentrum K\u00f6lner Turnerschaft Vogelsanger Str. 1, 50672 K\u00f6ln Frauen + M\u00e4nner Di.\u00a0 20:00 &#8211; 22:00 Uhr Frauen + M\u00e4nner Mi. 19:30 \u2013 22:00 Uhr Akrobatik f\u00fcr Kinder Auf spielerische &hellip; <a href=\"https:\/\/kt43.koeln\/?page_id=177\">Weiterlesen <span class=\"meta-nav\">&rarr;<\/span><\/a><\/p>\n","protected":false},"author":1,"featured_media":0,"parent":0,"menu_order":0,"comment_status":"closed","ping_status":"closed","template":"","meta":{"footnotes":""},"class_list":["post-177","page","type-page","status-publish","hentry"],"_links":{"self":[{"href":"https:\/\/kt43.koeln\/index.php?rest_route=\/wp\/v2\/pages\/177","targetHints":{"allow":["GET"]}}],"collection":[{"href":"https:\/\/kt43.koeln\/index.php?rest_route=\/wp\/v2\/pages"}],"about":[{"href":"https:\/\/kt43.koeln\/index.php?rest_route=\/wp\/v2\/types\/page"}],"author":[{"embeddable":true,"href":"https:\/\/kt43.koeln\/index.php?rest_route=\/wp\/v2\/users\/1"}],"replies":[{"embeddable":true,"href":"https:\/\/kt43.koeln\/index.php?rest_route=%2Fwp%2Fv2%2Fcomments&post=177"}],"version-history":[{"count":9,"href":"https:\/\/kt43.koeln\/index.php?rest_route=\/wp\/v2\/pages\/177\/revisions"}],"predecessor-version":[{"id":793,"href":"https:\/\/kt43.koeln\/index.php?rest_route=\/wp\/v2\/pages\/177\/revisions\/793"}],"wp:attachment":[{"href":"https:\/\/kt43.koeln\/index.php?rest_route=%2Fwp%2Fv2%2Fmedia&parent=177"}],"curies":[{"name":"wp","href":"https:\/\/api.w.org\/{rel}","templated":true}]}}