{"id":179,"date":"2020-08-18T10:19:33","date_gmt":"2020-08-18T10:19:33","guid":{"rendered":"http:\/\/kt43.koeln\/?page_id=179"},"modified":"2022-01-05T14:53:47","modified_gmt":"2022-01-05T14:53:47","slug":"ballspielmix","status":"publish","type":"page","link":"https:\/\/kt43.koeln\/?page_id=179","title":{"rendered":"Ballspielmix"},"content":{"rendered":"<p><span style=\"color: #ff0000;\"><strong>Ballspielmix<\/strong><\/span><br \/>\nKleine Spiele: V\u00f6lkerball, Brennball etc., Gro\u00dfe Spiele: Handball, Basketball, Fu\u00dfball, Tschukball etc.<br \/>\nVogelsanger Str. 1, 50672 K\u00f6ln (Gymnasium Kreuzgasse)<br \/>\nM\u00e4dchen + Jungen 9 bis 12 Jahre Do. 18:00 \u2013 19:30 Uhr<\/p>\n<p>Mommsenstra\u00dfe 5, 50935 K\u00f6ln<br \/>\nJungen 8 bis 13 Jahre Mi. 18:00 \u2013 19:30 Uhr<\/p>\n","protected":false},"excerpt":{"rendered":"<p>Ballspielmix Kleine Spiele: V\u00f6lkerball, Brennball etc., Gro\u00dfe Spiele: Handball, Basketball, Fu\u00dfball, Tschukball etc. Vogelsanger Str. 1, 50672 K\u00f6ln (Gymnasium Kreuzgasse) M\u00e4dchen + Jungen 9 bis 12 Jahre Do. 18:00 \u2013 19:30 Uhr Mommsenstra\u00dfe 5, 50935 K\u00f6ln Jungen 8 bis 13 &hellip; <a href=\"https:\/\/kt43.koeln\/?page_id=179\">Weiterlesen <span class=\"meta-nav\">&rarr;<\/span><\/a><\/p>\n","protected":false},"author":1,"featured_media":0,"parent":0,"menu_order":0,"comment_status":"closed","ping_status":"closed","template":"","meta":{"footnotes":""},"class_list":["post-179","page","type-page","status-publish","hentry"],"_links":{"self":[{"href":"https:\/\/kt43.koeln\/index.php?rest_route=\/wp\/v2\/pages\/179","targetHints":{"allow":["GET"]}}],"collection":[{"href":"https:\/\/kt43.koeln\/index.php?rest_route=\/wp\/v2\/pages"}],"about":[{"href":"https:\/\/kt43.koeln\/index.php?rest_route=\/wp\/v2\/types\/page"}],"author":[{"embeddable":true,"href":"https:\/\/kt43.koeln\/index.php?rest_route=\/wp\/v2\/users\/1"}],"replies":[{"embeddable":true,"href":"https:\/\/kt43.koeln\/index.php?rest_route=%2Fwp%2Fv2%2Fcomments&post=179"}],"version-history":[{"count":3,"href":"https:\/\/kt43.koeln\/index.php?rest_route=\/wp\/v2\/pages\/179\/revisions"}],"predecessor-version":[{"id":475,"href":"https:\/\/kt43.koeln\/index.php?rest_route=\/wp\/v2\/pages\/179\/revisions\/475"}],"wp:attachment":[{"href":"https:\/\/kt43.koeln\/index.php?rest_route=%2Fwp%2Fv2%2Fmedia&parent=179"}],"curies":[{"name":"wp","href":"https:\/\/api.w.org\/{rel}","templated":true}]}}