{"id":183,"date":"2020-08-18T10:20:34","date_gmt":"2020-08-18T10:20:34","guid":{"rendered":"http:\/\/kt43.koeln\/?page_id=183"},"modified":"2022-01-05T14:56:50","modified_gmt":"2022-01-05T14:56:50","slug":"leichtathletik","status":"publish","type":"page","link":"https:\/\/kt43.koeln\/?page_id=183","title":{"rendered":"Leichtathletik"},"content":{"rendered":"<p><span style=\"color: #ff0000;\"><strong>Leichtathletik<\/strong><\/span><br \/>\nVogelsanger Str. 1, 50672 K\u00f6ln Achtung: Freiluftsaison: Training findet auf dem Sportplatz statt!<br \/>\nM\u00e4dchen und Jungen 7 bis 9 Jahre Di. 18:00 \u2013 19:30 Uhr\u00a0 Aufnahmestopp !<br \/>\nM\u00e4dchen und Jungen 10 bis 12 Jahre Di. 18:00 \u2013 19:30 Uhr\u00a0 Aufnahmestopp !<br \/>\nMixed-Jugend\/Erwachsene ab 12 Jahre Di. 18:00 \u2013 19:30 Uhr Achtung: Saisonbedingter Wechsel:<br \/>\nvom Sportplatz Vogelsanger Stra\u00dfe 1, 50672 K\u00f6ln, in die Sporthalle Richard-Wagner-Stra\u00dfe 47, 50674 K\u00f6ln \u2014 Bitte in der Gesch\u00e4ftsstelle nachfragen!<br \/>\nAchtung: Zeiten Richard-Wagner Stra\u00dfe: Winterhalbjahr Anfang Oktober bis Ende M\u00e4rz Di. 17:30 \u2013 19:00 Uhr<br \/>\nF\u00f6rdertraining:<br \/>\nMixed-Jugend\/Erwachsene ab 12 Jahre Do. 18:00 \u2013 19:30 Uhr Nur nach Absprache mit dem Trainer!<br \/>\nMixed-Jugend\/Erwachsene ab 12 Jahre Mo. 18:00 \u2013 19:30 Uhr Nur nach Absprache mit dem Trainer und bei Bedarf !<\/p>\n","protected":false},"excerpt":{"rendered":"<p>Leichtathletik Vogelsanger Str. 1, 50672 K\u00f6ln Achtung: Freiluftsaison: Training findet auf dem Sportplatz statt! M\u00e4dchen und Jungen 7 bis 9 Jahre Di. 18:00 \u2013 19:30 Uhr\u00a0 Aufnahmestopp ! M\u00e4dchen und Jungen 10 bis 12 Jahre Di. 18:00 \u2013 19:30 Uhr\u00a0 &hellip; <a href=\"https:\/\/kt43.koeln\/?page_id=183\">Weiterlesen <span class=\"meta-nav\">&rarr;<\/span><\/a><\/p>\n","protected":false},"author":1,"featured_media":0,"parent":0,"menu_order":0,"comment_status":"closed","ping_status":"closed","template":"","meta":{"footnotes":""},"class_list":["post-183","page","type-page","status-publish","hentry"],"_links":{"self":[{"href":"https:\/\/kt43.koeln\/index.php?rest_route=\/wp\/v2\/pages\/183","targetHints":{"allow":["GET"]}}],"collection":[{"href":"https:\/\/kt43.koeln\/index.php?rest_route=\/wp\/v2\/pages"}],"about":[{"href":"https:\/\/kt43.koeln\/index.php?rest_route=\/wp\/v2\/types\/page"}],"author":[{"embeddable":true,"href":"https:\/\/kt43.koeln\/index.php?rest_route=\/wp\/v2\/users\/1"}],"replies":[{"embeddable":true,"href":"https:\/\/kt43.koeln\/index.php?rest_route=%2Fwp%2Fv2%2Fcomments&post=183"}],"version-history":[{"count":3,"href":"https:\/\/kt43.koeln\/index.php?rest_route=\/wp\/v2\/pages\/183\/revisions"}],"predecessor-version":[{"id":477,"href":"https:\/\/kt43.koeln\/index.php?rest_route=\/wp\/v2\/pages\/183\/revisions\/477"}],"wp:attachment":[{"href":"https:\/\/kt43.koeln\/index.php?rest_route=%2Fwp%2Fv2%2Fmedia&parent=183"}],"curies":[{"name":"wp","href":"https:\/\/api.w.org\/{rel}","templated":true}]}}