{"id":189,"date":"2020-08-18T10:21:52","date_gmt":"2020-08-18T10:21:52","guid":{"rendered":"http:\/\/kt43.koeln\/?page_id=189"},"modified":"2022-01-05T15:09:46","modified_gmt":"2022-01-05T15:09:46","slug":"fussball","status":"publish","type":"page","link":"https:\/\/kt43.koeln\/?page_id=189","title":{"rendered":"Fu\u00dfball"},"content":{"rendered":"<p><span style=\"color: #ff0000;\"><strong>Fu\u00dfball<\/strong><\/span><br \/>\nVogelsanger Str. 1, 50672 K\u00f6ln<br \/>\nHobby-Mannschaft (AH) Halle Mi. 18:00 \u2013 20:00 Uhr<\/p>\n<p>Hobby (Bunte-Liga: Lokomotive Libuda) Do. 18:30 \u2013 20:00 Uhr<br \/>\nHobby (Tipp-Kick-Colonia) Mi. 20:30 \u2013 22:00 Uhr<\/p>\n<p>Follertstra\u00dfe 2, 50676 K\u00f6ln<br \/>\nHobby M\u00e4nner Mi. 18:00 \u2013 19:30 Uhr<\/p>\n","protected":false},"excerpt":{"rendered":"<p>Fu\u00dfball Vogelsanger Str. 1, 50672 K\u00f6ln Hobby-Mannschaft (AH) Halle Mi. 18:00 \u2013 20:00 Uhr Hobby (Bunte-Liga: Lokomotive Libuda) Do. 18:30 \u2013 20:00 Uhr Hobby (Tipp-Kick-Colonia) Mi. 20:30 \u2013 22:00 Uhr Follertstra\u00dfe 2, 50676 K\u00f6ln Hobby M\u00e4nner Mi. 18:00 \u2013 19:30 &hellip; <a href=\"https:\/\/kt43.koeln\/?page_id=189\">Weiterlesen <span class=\"meta-nav\">&rarr;<\/span><\/a><\/p>\n","protected":false},"author":1,"featured_media":0,"parent":0,"menu_order":0,"comment_status":"closed","ping_status":"closed","template":"","meta":{"footnotes":""},"class_list":["post-189","page","type-page","status-publish","hentry"],"_links":{"self":[{"href":"https:\/\/kt43.koeln\/index.php?rest_route=\/wp\/v2\/pages\/189","targetHints":{"allow":["GET"]}}],"collection":[{"href":"https:\/\/kt43.koeln\/index.php?rest_route=\/wp\/v2\/pages"}],"about":[{"href":"https:\/\/kt43.koeln\/index.php?rest_route=\/wp\/v2\/types\/page"}],"author":[{"embeddable":true,"href":"https:\/\/kt43.koeln\/index.php?rest_route=\/wp\/v2\/users\/1"}],"replies":[{"embeddable":true,"href":"https:\/\/kt43.koeln\/index.php?rest_route=%2Fwp%2Fv2%2Fcomments&post=189"}],"version-history":[{"count":3,"href":"https:\/\/kt43.koeln\/index.php?rest_route=\/wp\/v2\/pages\/189\/revisions"}],"predecessor-version":[{"id":487,"href":"https:\/\/kt43.koeln\/index.php?rest_route=\/wp\/v2\/pages\/189\/revisions\/487"}],"wp:attachment":[{"href":"https:\/\/kt43.koeln\/index.php?rest_route=%2Fwp%2Fv2%2Fmedia&parent=189"}],"curies":[{"name":"wp","href":"https:\/\/api.w.org\/{rel}","templated":true}]}}