{"id":193,"date":"2020-08-18T10:23:35","date_gmt":"2020-08-18T10:23:35","guid":{"rendered":"http:\/\/kt43.koeln\/?page_id=193"},"modified":"2025-05-27T14:54:19","modified_gmt":"2025-05-27T14:54:19","slug":"geraeteturnen-fuer-erwachsene-fuer-kids","status":"publish","type":"page","link":"https:\/\/kt43.koeln\/?page_id=193","title":{"rendered":"Ger\u00e4teturnen f\u00fcr Erwachsene \/ f\u00fcr Kids"},"content":{"rendered":"<p><em><strong>Aktualisiert am 27.05.2025<\/strong><\/em><\/p>\n<p><span style=\"color: #ff0000;\"><strong>Ger\u00e4teturnen f\u00fcr Erwachsene<\/strong><\/span><br \/>\nVogelsanger Str. 1, 50672 K\u00f6ln<br \/>\nFrauen + M\u00e4nner Di. 20:00 \u2013 22:00 Uhr<\/p>\n<p><span style=\"color: #ff0000;\"><strong>Ger\u00e4teturnen f\u00fcr Kids<\/strong><\/span><br \/>\nVom Standsprung bis zum Salto auf dem gro\u00dfen Trampolin!! Mit Rock \u00fcber den Bock! Kippe, Unterschwung und Felgumschwung am Reck! Wenn ihr Lust habt, Handst\u00e4nde, R\u00e4der, \u00dcberschl\u00e4ge und Flick-Flack zu lernen, kommt mal vorbei!<br \/>\nVogelsanger Stra\u00dfe 1, 50672 K\u00f6ln<br \/>\nM\u00e4dchen und Jungen (ab 8 Jahre) Mo. 18:00 \u2013 19:30 Uhr &#8211; Aufnahmestopp !<\/p>\n<p>Lindenburger Allee 38, 50931 K\u00f6ln<br \/>\nM\u00e4dchen und Jungen 8 bis 12 Jahre Mo. 19:15 \u2013 20:00 Uhr &#8211; Aufnahmestopp !<\/p>\n<p>Bachemer Stra\u00dfe 69, 50931 K\u00f6ln<br \/>\nM\u00e4dchen und Jungen ab 7\/8 und \u00e4lter Fr. 16:15 \u2013 17:30 Uhr\u00a0 Aufnahmestopp !<\/p>\n","protected":false},"excerpt":{"rendered":"<p>Aktualisiert am 27.05.2025 Ger\u00e4teturnen f\u00fcr Erwachsene Vogelsanger Str. 1, 50672 K\u00f6ln Frauen + M\u00e4nner Di. 20:00 \u2013 22:00 Uhr Ger\u00e4teturnen f\u00fcr Kids Vom Standsprung bis zum Salto auf dem gro\u00dfen Trampolin!! Mit Rock \u00fcber den Bock! Kippe, Unterschwung und Felgumschwung &hellip; <a href=\"https:\/\/kt43.koeln\/?page_id=193\">Weiterlesen <span class=\"meta-nav\">&rarr;<\/span><\/a><\/p>\n","protected":false},"author":1,"featured_media":0,"parent":0,"menu_order":0,"comment_status":"closed","ping_status":"closed","template":"","meta":{"footnotes":""},"class_list":["post-193","page","type-page","status-publish","hentry"],"_links":{"self":[{"href":"https:\/\/kt43.koeln\/index.php?rest_route=\/wp\/v2\/pages\/193","targetHints":{"allow":["GET"]}}],"collection":[{"href":"https:\/\/kt43.koeln\/index.php?rest_route=\/wp\/v2\/pages"}],"about":[{"href":"https:\/\/kt43.koeln\/index.php?rest_route=\/wp\/v2\/types\/page"}],"author":[{"embeddable":true,"href":"https:\/\/kt43.koeln\/index.php?rest_route=\/wp\/v2\/users\/1"}],"replies":[{"embeddable":true,"href":"https:\/\/kt43.koeln\/index.php?rest_route=%2Fwp%2Fv2%2Fcomments&post=193"}],"version-history":[{"count":8,"href":"https:\/\/kt43.koeln\/index.php?rest_route=\/wp\/v2\/pages\/193\/revisions"}],"predecessor-version":[{"id":823,"href":"https:\/\/kt43.koeln\/index.php?rest_route=\/wp\/v2\/pages\/193\/revisions\/823"}],"wp:attachment":[{"href":"https:\/\/kt43.koeln\/index.php?rest_route=%2Fwp%2Fv2%2Fmedia&parent=193"}],"curies":[{"name":"wp","href":"https:\/\/api.w.org\/{rel}","templated":true}]}}