{"id":267,"date":"2020-08-18T13:01:50","date_gmt":"2020-08-18T13:01:50","guid":{"rendered":"http:\/\/kt43.koeln\/?page_id=267"},"modified":"2023-10-30T14:14:15","modified_gmt":"2023-10-30T14:14:15","slug":"geschichte","status":"publish","type":"page","link":"https:\/\/kt43.koeln\/?page_id=267","title":{"rendered":"Geschichte"},"content":{"rendered":"<p><em><strong>2023 &#8211;<\/strong><\/em> <span style=\"color: #ff0000;\"><em><strong>180 Jahre K\u00f6lner Turnerschaft<\/strong><\/em><\/span><\/p>\n<p>Anl\u00e4sslich des 180. Geburtstags der KT43 am 05.11.2023 l\u00e4sst der 1. Vorsitzende Joachim Heister die letzten f\u00fcnf Jahre Revue passieren. <a href=\"https:\/\/kt43.koeln\/?page_id=677\">Hier ist zu lesen, wie der Verein die Corona-Pandemie \u00fcberstanden hat und welche Herausforderungen in den n\u00e4chsten Jahren auf uns zukommen werden.<\/a><\/p>\n<p><em><strong>2018 &#8211; <span style=\"color: #ff0000;\">175 Jahre K\u00f6lner Turnerschaft <\/span><\/strong><\/em><\/p>\n<p><a href=\"http:\/\/kt43-175jahre.de\/\" target=\"_blank\" rel=\"noopener noreferrer\"><em><strong>Zur Webseite<\/strong><\/em> &#8230;<\/a><br \/>\n<a href=\"http:\/\/www.kt43-175jahre.de\" target=\"_blank\" rel=\"noopener noreferrer\"><img loading=\"lazy\" decoding=\"async\" class=\"alignnone wp-image-27\" src=\"http:\/\/kt43.koeln\/wp-content\/uploads\/2020\/08\/Geburtstagskuchen-1024x768-1-300x225.jpg\" alt=\"\" width=\"192\" height=\"146\" \/><\/a><\/p>\n<p><em><strong><span style=\"color: #ff0000;\"><span style=\"color: #000000;\">1993 &#8211;<\/span> Medien zu 150 Jahre K\u00f6lner Turnerschaft<\/span><\/strong><\/em><\/p>\n<p>Die<i><strong> \u201eFestschr<\/strong><\/i><i><strong>ift<\/strong><\/i> <i><strong>zum Jubil\u00e4um\u201c<\/strong><\/i> als <a href=\"http:\/\/kt43.koeln\/wp-content\/uploads\/2020\/08\/150JahreFestschrift.pdf\" target=\"_blank\" rel=\"noopener noreferrer\"><i><strong>PDF Download<\/strong><\/i><\/a><\/p>\n<p>Der l\u00e4ngere WDR-Bericht:<\/p>\n<p><iframe loading=\"lazy\" title=\"KT43 - 150 Jahre - Bericht mit Geschichte\" width=\"584\" height=\"438\" src=\"https:\/\/www.youtube.com\/embed\/J2jO_n-3qFs?feature=oembed\" frameborder=\"0\" allow=\"accelerometer; autoplay; clipboard-write; encrypted-media; gyroscope; picture-in-picture; web-share\" referrerpolicy=\"strict-origin-when-cross-origin\" allowfullscreen><\/iframe><\/p>\n<p>und der k\u00fcrzere WDR-Bericht:<\/p>\n<p><iframe loading=\"lazy\" title=\"KT43 - 150 Jahre - WDR Bericht\" width=\"584\" height=\"438\" src=\"https:\/\/www.youtube.com\/embed\/YoK-qCcKXFw?feature=oembed\" frameborder=\"0\" allow=\"accelerometer; autoplay; clipboard-write; encrypted-media; gyroscope; picture-in-picture; web-share\" referrerpolicy=\"strict-origin-when-cross-origin\" allowfullscreen><\/iframe><\/p>\n<p>&nbsp;<\/p>\n","protected":false},"excerpt":{"rendered":"<p>2023 &#8211; 180 Jahre K\u00f6lner Turnerschaft Anl\u00e4sslich des 180. Geburtstags der KT43 am 05.11.2023 l\u00e4sst der 1. Vorsitzende Joachim Heister die letzten f\u00fcnf Jahre Revue passieren. Hier ist zu lesen, wie der Verein die Corona-Pandemie \u00fcberstanden hat und welche Herausforderungen &hellip; <a href=\"https:\/\/kt43.koeln\/?page_id=267\">Weiterlesen <span class=\"meta-nav\">&rarr;<\/span><\/a><\/p>\n","protected":false},"author":1,"featured_media":0,"parent":0,"menu_order":0,"comment_status":"closed","ping_status":"closed","template":"","meta":{"footnotes":""},"class_list":["post-267","page","type-page","status-publish","hentry"],"_links":{"self":[{"href":"https:\/\/kt43.koeln\/index.php?rest_route=\/wp\/v2\/pages\/267","targetHints":{"allow":["GET"]}}],"collection":[{"href":"https:\/\/kt43.koeln\/index.php?rest_route=\/wp\/v2\/pages"}],"about":[{"href":"https:\/\/kt43.koeln\/index.php?rest_route=\/wp\/v2\/types\/page"}],"author":[{"embeddable":true,"href":"https:\/\/kt43.koeln\/index.php?rest_route=\/wp\/v2\/users\/1"}],"replies":[{"embeddable":true,"href":"https:\/\/kt43.koeln\/index.php?rest_route=%2Fwp%2Fv2%2Fcomments&post=267"}],"version-history":[{"count":8,"href":"https:\/\/kt43.koeln\/index.php?rest_route=\/wp\/v2\/pages\/267\/revisions"}],"predecessor-version":[{"id":722,"href":"https:\/\/kt43.koeln\/index.php?rest_route=\/wp\/v2\/pages\/267\/revisions\/722"}],"wp:attachment":[{"href":"https:\/\/kt43.koeln\/index.php?rest_route=%2Fwp%2Fv2%2Fmedia&parent=267"}],"curies":[{"name":"wp","href":"https:\/\/api.w.org\/{rel}","templated":true}]}}