{"id":52,"date":"2020-08-16T17:49:59","date_gmt":"2020-08-16T17:49:59","guid":{"rendered":"http:\/\/kt43.koeln\/?page_id=52"},"modified":"2024-06-26T10:26:26","modified_gmt":"2024-06-26T10:26:26","slug":"casino","status":"publish","type":"page","link":"https:\/\/kt43.koeln\/?page_id=52","title":{"rendered":"Casino"},"content":{"rendered":"<p style=\"text-align: center;\"><strong>Casino &#8211; K\u00f6lner &#8211; Turnerschaft<\/strong><\/p>\n<p style=\"text-align: center;\"><em>\u00d6ffnungszeiten: Montag &#8211; Donnerstag 19 Uhr &#8211; 23 Uhr<\/em><\/p>\n<p style=\"text-align: center;\">Unser Vereinsheim ist ein Treffpunkt f\u00fcr<\/p>\n<p style=\"text-align: center;\">&#8222;jung und alt&#8220;<\/p>\n<p style=\"text-align: center;\">F\u00fcr die gute Atmosph\u00e4re und Bewirtung in unserem Casino ist Fr. Annemarie K\u00f6ttgen verantwortlich<\/p>\n<p style=\"text-align: center;\"><img loading=\"lazy\" decoding=\"async\" class=\"alignnone wp-image-335\" src=\"https:\/\/kt43.koeln\/wp-content\/uploads\/2021\/02\/Annemarie-210x300.jpg\" alt=\"\" width=\"176\" height=\"244\" \/><\/p>\n<p style=\"text-align: center;\">Unsere Mitglieder sowie Verwandte und Freunde haben die M\u00f6glichkeit, die R\u00e4umlichkeiten zu gewissen Anl\u00e4ssen zu mieten !<br \/>\n(Familienfeiern, Geburtstag, Jubil\u00e4en usw)<\/p>\n<p style=\"text-align: center;\">Dazu geh\u00f6rt auch unsere sch\u00f6ne Aussenterrasse, f\u00fcr einen gem\u00fctlichen Grillabend.<\/p>\n<p style=\"text-align: center;\"><img loading=\"lazy\" decoding=\"async\" class=\"alignnone wp-image-339\" src=\"https:\/\/kt43.koeln\/wp-content\/uploads\/2021\/02\/IMG-20210119-WA0001-300x225.jpg\" alt=\"\" width=\"275\" height=\"206\" srcset=\"https:\/\/kt43.koeln\/wp-content\/uploads\/2021\/02\/IMG-20210119-WA0001-300x225.jpg 300w, https:\/\/kt43.koeln\/wp-content\/uploads\/2021\/02\/IMG-20210119-WA0001-1024x768.jpg 1024w, https:\/\/kt43.koeln\/wp-content\/uploads\/2021\/02\/IMG-20210119-WA0001-768x576.jpg 768w, https:\/\/kt43.koeln\/wp-content\/uploads\/2021\/02\/IMG-20210119-WA0001-1536x1152.jpg 1536w, https:\/\/kt43.koeln\/wp-content\/uploads\/2021\/02\/IMG-20210119-WA0001-400x300.jpg 400w, https:\/\/kt43.koeln\/wp-content\/uploads\/2021\/02\/IMG-20210119-WA0001.jpg 1600w\" sizes=\"auto, (max-width: 275px) 100vw, 275px\" \/><img loading=\"lazy\" decoding=\"async\" class=\"alignnone wp-image-338\" src=\"https:\/\/kt43.koeln\/wp-content\/uploads\/2021\/02\/IMG-20210119-WA0002-300x225.jpg\" alt=\"\" width=\"275\" height=\"206\" srcset=\"https:\/\/kt43.koeln\/wp-content\/uploads\/2021\/02\/IMG-20210119-WA0002-300x225.jpg 300w, https:\/\/kt43.koeln\/wp-content\/uploads\/2021\/02\/IMG-20210119-WA0002-1024x768.jpg 1024w, https:\/\/kt43.koeln\/wp-content\/uploads\/2021\/02\/IMG-20210119-WA0002-768x576.jpg 768w, https:\/\/kt43.koeln\/wp-content\/uploads\/2021\/02\/IMG-20210119-WA0002-1536x1152.jpg 1536w, https:\/\/kt43.koeln\/wp-content\/uploads\/2021\/02\/IMG-20210119-WA0002-400x300.jpg 400w, https:\/\/kt43.koeln\/wp-content\/uploads\/2021\/02\/IMG-20210119-WA0002.jpg 1600w\" sizes=\"auto, (max-width: 275px) 100vw, 275px\" \/><\/p>\n<p style=\"text-align: center;\"><img loading=\"lazy\" decoding=\"async\" class=\"alignnone wp-image-336\" src=\"https:\/\/kt43.koeln\/wp-content\/uploads\/2021\/02\/IMG-20210119-WA0004-300x225.jpg\" alt=\"\" width=\"275\" height=\"206\" srcset=\"https:\/\/kt43.koeln\/wp-content\/uploads\/2021\/02\/IMG-20210119-WA0004-300x225.jpg 300w, https:\/\/kt43.koeln\/wp-content\/uploads\/2021\/02\/IMG-20210119-WA0004-1024x768.jpg 1024w, https:\/\/kt43.koeln\/wp-content\/uploads\/2021\/02\/IMG-20210119-WA0004-768x576.jpg 768w, https:\/\/kt43.koeln\/wp-content\/uploads\/2021\/02\/IMG-20210119-WA0004-1536x1152.jpg 1536w, https:\/\/kt43.koeln\/wp-content\/uploads\/2021\/02\/IMG-20210119-WA0004-400x300.jpg 400w, https:\/\/kt43.koeln\/wp-content\/uploads\/2021\/02\/IMG-20210119-WA0004.jpg 1600w\" sizes=\"auto, (max-width: 275px) 100vw, 275px\" \/><a href=\"https:\/\/kt43.koeln\/wp-content\/uploads\/2021\/02\/DSC05733.jpg\"><img loading=\"lazy\" decoding=\"async\" class=\"alignnone wp-image-354\" src=\"https:\/\/kt43.koeln\/wp-content\/uploads\/2021\/02\/DSC05733-300x200.jpg\" alt=\"\" width=\"268\" height=\"182\" \/><\/a><\/p>\n<p><a href=\"https:\/\/kt43.koeln\/wp-content\/uploads\/2021\/02\/DSC05741.jpg\"><img loading=\"lazy\" decoding=\"async\" class=\"wp-image-353 aligncenter\" src=\"https:\/\/kt43.koeln\/wp-content\/uploads\/2021\/02\/DSC05741-300x200.jpg\" alt=\"\" width=\"281\" height=\"190\" \/><\/a><\/p>\n<p style=\"text-align: center;\"><em>Weitere Infos zwecks Termine bei<\/em><\/p>\n<p style=\"text-align: center;\"><em>Annemarie K\u00f6ttgen Tel. 0171 1957013<\/em><br \/>\n<em>AnnemarieKottgen33@gmail.com<\/em><\/p>\n<p style=\"text-align: center;\">Mit unserem Partyservice (auch ausser Haus ) stehen wir Ihnen gerne zur Verf\u00fcgung !<\/p>\n<p>Anbei unsere neuen <a href=\"https:\/\/kt43.koeln\/wp-content\/uploads\/2024\/06\/alle-Buffetkarten-neu-2023.pdf\" target=\"_blank\" rel=\"noopener\">Buffetkarten als Download<\/a> !<\/p>\n<p style=\"text-align: center;\"><img loading=\"lazy\" decoding=\"async\" class=\"alignnone size-medium wp-image-334\" src=\"https:\/\/kt43.koeln\/wp-content\/uploads\/2021\/02\/Essen1-282x300.jpg\" alt=\"\" width=\"282\" height=\"300\" srcset=\"https:\/\/kt43.koeln\/wp-content\/uploads\/2021\/02\/Essen1-282x300.jpg 282w, https:\/\/kt43.koeln\/wp-content\/uploads\/2021\/02\/Essen1.jpg 432w\" sizes=\"auto, (max-width: 282px) 100vw, 282px\" \/> <img loading=\"lazy\" decoding=\"async\" class=\"alignnone size-full wp-image-333\" src=\"https:\/\/kt43.koeln\/wp-content\/uploads\/2021\/02\/Essen2.jpg\" alt=\"\" width=\"266\" height=\"261\" \/> <img loading=\"lazy\" decoding=\"async\" class=\"alignnone size-full wp-image-331\" src=\"https:\/\/kt43.koeln\/wp-content\/uploads\/2021\/02\/Essen4.jpg\" alt=\"\" width=\"269\" height=\"222\" \/> <img loading=\"lazy\" decoding=\"async\" class=\"alignnone size-full wp-image-332\" src=\"https:\/\/kt43.koeln\/wp-content\/uploads\/2021\/02\/Essen3.jpg\" alt=\"\" width=\"273\" height=\"239\" \/> <img loading=\"lazy\" decoding=\"async\" class=\"alignnone size-full wp-image-330\" src=\"https:\/\/kt43.koeln\/wp-content\/uploads\/2021\/02\/Essen5.jpg\" alt=\"\" width=\"272\" height=\"217\" \/> <img loading=\"lazy\" decoding=\"async\" class=\"alignnone size-full wp-image-329\" src=\"https:\/\/kt43.koeln\/wp-content\/uploads\/2021\/02\/Essen6.jpg\" alt=\"\" width=\"276\" height=\"265\" \/><\/p>\n<p style=\"text-align: center;\">\n","protected":false},"excerpt":{"rendered":"<p>Casino &#8211; K\u00f6lner &#8211; Turnerschaft \u00d6ffnungszeiten: Montag &#8211; Donnerstag 19 Uhr &#8211; 23 Uhr Unser Vereinsheim ist ein Treffpunkt f\u00fcr &#8222;jung und alt&#8220; F\u00fcr die gute Atmosph\u00e4re und Bewirtung in unserem Casino ist Fr. Annemarie K\u00f6ttgen verantwortlich Unsere Mitglieder sowie &hellip; <a href=\"https:\/\/kt43.koeln\/?page_id=52\">Weiterlesen <span class=\"meta-nav\">&rarr;<\/span><\/a><\/p>\n","protected":false},"author":1,"featured_media":0,"parent":0,"menu_order":0,"comment_status":"closed","ping_status":"closed","template":"","meta":{"footnotes":""},"class_list":["post-52","page","type-page","status-publish","hentry"],"_links":{"self":[{"href":"https:\/\/kt43.koeln\/index.php?rest_route=\/wp\/v2\/pages\/52","targetHints":{"allow":["GET"]}}],"collection":[{"href":"https:\/\/kt43.koeln\/index.php?rest_route=\/wp\/v2\/pages"}],"about":[{"href":"https:\/\/kt43.koeln\/index.php?rest_route=\/wp\/v2\/types\/page"}],"author":[{"embeddable":true,"href":"https:\/\/kt43.koeln\/index.php?rest_route=\/wp\/v2\/users\/1"}],"replies":[{"embeddable":true,"href":"https:\/\/kt43.koeln\/index.php?rest_route=%2Fwp%2Fv2%2Fcomments&post=52"}],"version-history":[{"count":17,"href":"https:\/\/kt43.koeln\/index.php?rest_route=\/wp\/v2\/pages\/52\/revisions"}],"predecessor-version":[{"id":790,"href":"https:\/\/kt43.koeln\/index.php?rest_route=\/wp\/v2\/pages\/52\/revisions\/790"}],"wp:attachment":[{"href":"https:\/\/kt43.koeln\/index.php?rest_route=%2Fwp%2Fv2%2Fmedia&parent=52"}],"curies":[{"name":"wp","href":"https:\/\/api.w.org\/{rel}","templated":true}]}}