{"id":551,"date":"2022-09-25T12:07:56","date_gmt":"2022-09-25T12:07:56","guid":{"rendered":"https:\/\/kt43.koeln\/?page_id=551"},"modified":"2022-09-25T12:07:56","modified_gmt":"2022-09-25T12:07:56","slug":"aus-den-sparten","status":"publish","type":"page","link":"https:\/\/kt43.koeln\/?page_id=551","title":{"rendered":"Aus den Sparten"},"content":{"rendered":"<p>Hier werden zuk\u00fcnftig Neuigkeiten aus den einzelnen Sparten ver\u00f6ffentlich. Daf\u00fcr sind wir nat\u00fcrlich auf euch, unsere Mitglieder angewiesen. Schickt bitte an edv@kt43.de Berichte von Aktionen oder Events, an denen ihr im Namen der KT teilnehmt. Ich werde diese dann gerne hier ver\u00f6ffentlichen.<\/p>\n<p>Immer mal wieder vorbei schauen lohnt sich<\/p>\n","protected":false},"excerpt":{"rendered":"<p>Hier werden zuk\u00fcnftig Neuigkeiten aus den einzelnen Sparten ver\u00f6ffentlich. Daf\u00fcr sind wir nat\u00fcrlich auf euch, unsere Mitglieder angewiesen. Schickt bitte an edv@kt43.de Berichte von Aktionen oder Events, an denen ihr im Namen der KT teilnehmt. Ich werde diese dann gerne &hellip; <a href=\"https:\/\/kt43.koeln\/?page_id=551\">Weiterlesen <span class=\"meta-nav\">&rarr;<\/span><\/a><\/p>\n","protected":false},"author":1,"featured_media":0,"parent":0,"menu_order":0,"comment_status":"closed","ping_status":"closed","template":"","meta":{"footnotes":""},"class_list":["post-551","page","type-page","status-publish","hentry"],"_links":{"self":[{"href":"https:\/\/kt43.koeln\/index.php?rest_route=\/wp\/v2\/pages\/551","targetHints":{"allow":["GET"]}}],"collection":[{"href":"https:\/\/kt43.koeln\/index.php?rest_route=\/wp\/v2\/pages"}],"about":[{"href":"https:\/\/kt43.koeln\/index.php?rest_route=\/wp\/v2\/types\/page"}],"author":[{"embeddable":true,"href":"https:\/\/kt43.koeln\/index.php?rest_route=\/wp\/v2\/users\/1"}],"replies":[{"embeddable":true,"href":"https:\/\/kt43.koeln\/index.php?rest_route=%2Fwp%2Fv2%2Fcomments&post=551"}],"version-history":[{"count":1,"href":"https:\/\/kt43.koeln\/index.php?rest_route=\/wp\/v2\/pages\/551\/revisions"}],"predecessor-version":[{"id":552,"href":"https:\/\/kt43.koeln\/index.php?rest_route=\/wp\/v2\/pages\/551\/revisions\/552"}],"wp:attachment":[{"href":"https:\/\/kt43.koeln\/index.php?rest_route=%2Fwp%2Fv2%2Fmedia&parent=551"}],"curies":[{"name":"wp","href":"https:\/\/api.w.org\/{rel}","templated":true}]}}