{"id":556,"date":"2022-09-25T12:20:32","date_gmt":"2022-09-25T12:20:32","guid":{"rendered":"https:\/\/kt43.koeln\/?page_id=556"},"modified":"2022-11-07T12:17:22","modified_gmt":"2022-11-07T12:17:22","slug":"deutsche-marathon-meisterschaften-2022","status":"publish","type":"page","link":"https:\/\/kt43.koeln\/?page_id=556","title":{"rendered":"Deutsche Marathon Meisterschaften 2022"},"content":{"rendered":"<p><strong>Kurzbericht \u00fcber die Teilnahme an den Deutschen Marathon Meisterschaften 2022 in Hannover<\/strong><\/p>\n<p>Dank meiner Startberechtigung f\u00fcr die K\u00f6lner Turnerschaft von 1843 e.V. konnte ich am 03.04.2022 mit meiner Teilnahme an den Deutschen Marathon Meisterschaften in Hannover den Titel<\/p>\n<p><strong>\u201eDeutsche Meisterin im Marathon in der AK W55\u201c<\/strong><\/p>\n<p>erstreiten und die begehrte Goldmedaille des Deutschen Leichtathletik Verbandes entgegennehmen. Meine 13-w\u00f6chige Vorbereitungszeit konnte ich verletzungsfrei im wahrsten Sinne des Wortes <em>durchlaufen<\/em> und bereits im Vorfeld die Trainingssteigerung im Rahmen des Silvesterlaufes in der Merheimer Heide (inspiriert durch die gro\u00dfartige Weltklassel\u00e4uferin und souver\u00e4nen Gewinnerin Konstanze Klosterhalfen), der Porzer Winterlaufserie sowie des 10 km Stra\u00dfenrennen rund um das Bayerkreuz in Leverkusen messen. Trotz einer gl\u00fccklicherweise milde verlaufenen Corona Infektion 3 Wochen vor meinem Wettkampf \u2013 die mich immerhin einer ganzen Trainingswoche und umgerechnet ca. 120 Laufkilometer beraubte \u2013 konnte ich mir mit einer Zieleinlaufzeit von 3 Stunden 10 Minten und 48 Sekunden souver\u00e4n den 1. Platz in der AK W55 mit einem 4-min\u00fctigen Zeitabstand zur Zweitplazierten sichern und stolz mit der Goldmedaille nach Hause ziehen&#8230;<\/p>\n<p>&#8230;meinen Traum auf Deutsche Rekordzeit in der AK W55 sowie einer Zieleinlaufzeit von unter 3 Stunden habe ich noch nicht aufgegeben und werde das Projekt mit neuer Energie und hoffentlich verletzungsfrei erneut 2023 angehen, denn Tr\u00e4ume d\u00fcrfen nicht nur getr\u00e4umt werden&#8230;<\/p>\n<p>An dieser Stelle meinen herzlichen Dank an die K\u00f6lner Turnerschaft von 1843 e.V. f\u00fcr die tolle Unterst\u00fctzung!!!<\/p>\n<p>Sabine Drumm-Becker<\/p>\n<p><img loading=\"lazy\" decoding=\"async\" class=\"alignnone wp-image-569 size-large\" src=\"https:\/\/kt43.koeln\/wp-content\/uploads\/2022\/11\/SabineMedaille-768x1024.jpg\" alt=\"\" width=\"584\" height=\"779\" srcset=\"https:\/\/kt43.koeln\/wp-content\/uploads\/2022\/11\/SabineMedaille-768x1024.jpg 768w, https:\/\/kt43.koeln\/wp-content\/uploads\/2022\/11\/SabineMedaille-225x300.jpg 225w, https:\/\/kt43.koeln\/wp-content\/uploads\/2022\/11\/SabineMedaille.jpg 1024w\" sizes=\"auto, (max-width: 584px) 100vw, 584px\" \/><\/p>\n<p><img loading=\"lazy\" decoding=\"async\" class=\"alignnone wp-image-558 size-large\" src=\"https:\/\/kt43.koeln\/wp-content\/uploads\/2022\/09\/Sabine-Drumm-Becker-1024x768.jpg\" alt=\"\" width=\"584\" height=\"438\" \/><br \/>\nSabine mit Koko beim Silvesterlauf 2021 in der Merheimer Heide<\/p>\n","protected":false},"excerpt":{"rendered":"<p>Kurzbericht \u00fcber die Teilnahme an den Deutschen Marathon Meisterschaften 2022 in Hannover Dank meiner Startberechtigung f\u00fcr die K\u00f6lner Turnerschaft von 1843 e.V. konnte ich am 03.04.2022 mit meiner Teilnahme an den Deutschen Marathon Meisterschaften in Hannover den Titel \u201eDeutsche Meisterin &hellip; <a href=\"https:\/\/kt43.koeln\/?page_id=556\">Weiterlesen <span class=\"meta-nav\">&rarr;<\/span><\/a><\/p>\n","protected":false},"author":1,"featured_media":0,"parent":0,"menu_order":0,"comment_status":"closed","ping_status":"closed","template":"","meta":{"footnotes":""},"class_list":["post-556","page","type-page","status-publish","hentry"],"_links":{"self":[{"href":"https:\/\/kt43.koeln\/index.php?rest_route=\/wp\/v2\/pages\/556","targetHints":{"allow":["GET"]}}],"collection":[{"href":"https:\/\/kt43.koeln\/index.php?rest_route=\/wp\/v2\/pages"}],"about":[{"href":"https:\/\/kt43.koeln\/index.php?rest_route=\/wp\/v2\/types\/page"}],"author":[{"embeddable":true,"href":"https:\/\/kt43.koeln\/index.php?rest_route=\/wp\/v2\/users\/1"}],"replies":[{"embeddable":true,"href":"https:\/\/kt43.koeln\/index.php?rest_route=%2Fwp%2Fv2%2Fcomments&post=556"}],"version-history":[{"count":5,"href":"https:\/\/kt43.koeln\/index.php?rest_route=\/wp\/v2\/pages\/556\/revisions"}],"predecessor-version":[{"id":570,"href":"https:\/\/kt43.koeln\/index.php?rest_route=\/wp\/v2\/pages\/556\/revisions\/570"}],"wp:attachment":[{"href":"https:\/\/kt43.koeln\/index.php?rest_route=%2Fwp%2Fv2%2Fmedia&parent=556"}],"curies":[{"name":"wp","href":"https:\/\/api.w.org\/{rel}","templated":true}]}}