{"id":56,"date":"2020-08-16T18:13:45","date_gmt":"2020-08-16T18:13:45","guid":{"rendered":"http:\/\/kt43.koeln\/?page_id=56"},"modified":"2020-08-16T18:18:05","modified_gmt":"2020-08-16T18:18:05","slug":"wir-ueber-uns","status":"publish","type":"page","link":"https:\/\/kt43.koeln\/?page_id=56","title":{"rendered":"Wir \u00fcber uns"},"content":{"rendered":"<div class=\"entry-content\">\n<p><em><strong>Gesch\u00e4ftsstelle<\/strong><\/em><\/p>\n<p>Gesch\u00e4ftsf\u00fchrer: Diplomsportlehrer Gerd Wingert<br \/>\nGerd Wingert ist seit 1993 hauptamtlich f\u00fcr die sportfachliche Seite und die administrative und organisatorische Umsetzung des Angebotes zust\u00e4ndig.<\/p>\n<p><em><strong>Vorstand<\/strong><\/em><\/p>\n<p>Der Vorstand besteht aus:<br \/>\n1. Vorsitzender: Joachim Heister<br \/>\n1. stellv. Vorsitzender: Sigmar Ritter<br \/>\n2. stellv. Vorsitzender: Martin Schlange<br \/>\nSchatzmeister: Norbert Malburg<br \/>\n1. Beisitzer: Claudia Kleve<br \/>\n2. Beisitzer: Fritz Lercher<br \/>\n3. Beisitzer: Udo Bremter<\/p>\n<p>Der Vorstand arbeitet ehrenamtlich und unentgeltlich. Da die KT 43 mit ca. 1.300 Mitgliedern ein \u201emittelgro\u00dfer\u201c Verein ist, haben wir es uns zur Aufgabe gemacht, die Vereinsgeschicke so professionell wie m\u00f6glich zu steuern. Wir alle haben der KT43 viele sch\u00f6ne Stunden zu verdanken und bringen unser Wissen und unsere vielf\u00e4ltigen F\u00e4higkeiten in die Vereinsf\u00fchrung ein.<\/p>\n<p>Aus den Einnahmen von Mitgliedsbeitr\u00e4gen und Zusch\u00fcssen bestreiten wir alle Ausgaben: Hallenmiete, \u00dcbungsleiter, Sportmaterial und Ger\u00e4te, bauliche Instandhaltung, Gesch\u00e4ftsstelle etc. Die vereinseigene Immobilie (mit Gesch\u00e4ftszimmer, Casino und Gymnastikhalle) wird von der Familie K\u00f6ttgen betreut.<\/p>\n<p><em><strong>Sportst\u00e4tten<\/strong><\/em><\/p>\n<p>Die Angebote der K\u00f6lner Turnerschaft finden in vielen Stadtteilen K\u00f6lns statt:<\/p>\n<p><strong>Innenstadt:<\/strong><\/p>\n<p><em>Vereinszentrum der K\u00f6lner Turnerschaft von 1843 e.V., Vogelsanger Stra\u00dfe 1, 50672 K\u00f6ln (mit Gymnastikhalle)<\/em><\/p>\n<p>Bezirkssportanlage (Sporttplatz), Vogelsanger Stra\u00dfe 1, 50672 K\u00f6ln<\/p>\n<p>Grundschule Antwerpener Str. 19 \u2013 29, 50672 K\u00f6ln<\/p>\n<p>Grundschule\/Abendrealschule Dagobertstra\u00dfe 79, 50668 K\u00f6ln<\/p>\n<p>Humboldt-Gymnasium Am Trutzenberg 48, 50676 K\u00f6ln<\/p>\n<p>Kaiserin-Augusta-Schule Georgsplatz 10, 50676 K\u00f6ln<\/p>\n<p><strong>Lindenthal:<\/strong><\/p>\n<p>Grundschule Lindenburger Allee 38, 50931 K\u00f6ln<\/p>\n<p>Grundschule Bachemer Stra\u00dfe 69, 50931 K\u00f6ln<\/p>\n<p><strong>S\u00fclz:<\/strong><\/p>\n<p>Hauptschule Mommsenstr. 5, 50935 K\u00f6ln<\/p>\n<p><strong>Klettenberg:<\/strong><\/p>\n<p>Grundschule Stenzelbergstr. 3, 50939 K\u00f6ln<\/p>\n<p><strong>Bayenthal:<\/strong><\/p>\n<p>Grundschule C\u00e4sarstra\u00dfe 21, 50968 K\u00f6ln<\/p>\n<p><strong>Merheim:<\/strong><\/p>\n<p>Grundschule Fu\u00dffallstra\u00dfe 55, 51109 K\u00f6ln<\/p>\n<p><strong>Raderthal:<\/strong><\/p>\n<p>Gesamtschule (Europaschule) Raderthalg\u00fcrtel 3, 50968 K\u00f6ln<\/p>\n<p><em><strong>Satzung<\/strong><\/em><\/p>\n<p><a href=\"http:\/\/kt43.koeln\/wp-content\/uploads\/2020\/08\/Satzung-KT43.pdf\" target=\"_blank\" rel=\"noopener noreferrer\"><em>Unsere Satzung als PDF-Dokument<\/em><\/a><\/p>\n<\/div>\n","protected":false},"excerpt":{"rendered":"<p>Gesch\u00e4ftsstelle Gesch\u00e4ftsf\u00fchrer: Diplomsportlehrer Gerd Wingert Gerd Wingert ist seit 1993 hauptamtlich f\u00fcr die sportfachliche Seite und die administrative und organisatorische Umsetzung des Angebotes zust\u00e4ndig. Vorstand Der Vorstand besteht aus: 1. Vorsitzender: Joachim Heister 1. stellv. Vorsitzender: Sigmar Ritter 2. stellv. &hellip; <a href=\"https:\/\/kt43.koeln\/?page_id=56\">Weiterlesen <span class=\"meta-nav\">&rarr;<\/span><\/a><\/p>\n","protected":false},"author":1,"featured_media":0,"parent":0,"menu_order":0,"comment_status":"closed","ping_status":"closed","template":"","meta":{"footnotes":""},"class_list":["post-56","page","type-page","status-publish","hentry"],"_links":{"self":[{"href":"https:\/\/kt43.koeln\/index.php?rest_route=\/wp\/v2\/pages\/56","targetHints":{"allow":["GET"]}}],"collection":[{"href":"https:\/\/kt43.koeln\/index.php?rest_route=\/wp\/v2\/pages"}],"about":[{"href":"https:\/\/kt43.koeln\/index.php?rest_route=\/wp\/v2\/types\/page"}],"author":[{"embeddable":true,"href":"https:\/\/kt43.koeln\/index.php?rest_route=\/wp\/v2\/users\/1"}],"replies":[{"embeddable":true,"href":"https:\/\/kt43.koeln\/index.php?rest_route=%2Fwp%2Fv2%2Fcomments&post=56"}],"version-history":[{"count":4,"href":"https:\/\/kt43.koeln\/index.php?rest_route=\/wp\/v2\/pages\/56\/revisions"}],"predecessor-version":[{"id":61,"href":"https:\/\/kt43.koeln\/index.php?rest_route=\/wp\/v2\/pages\/56\/revisions\/61"}],"wp:attachment":[{"href":"https:\/\/kt43.koeln\/index.php?rest_route=%2Fwp%2Fv2%2Fmedia&parent=56"}],"curies":[{"name":"wp","href":"https:\/\/api.w.org\/{rel}","templated":true}]}}