{"id":677,"date":"2023-10-29T17:48:54","date_gmt":"2023-10-29T17:48:54","guid":{"rendered":"https:\/\/kt43.koeln\/?page_id=677"},"modified":"2023-10-30T14:04:59","modified_gmt":"2023-10-30T14:04:59","slug":"180-jaehriges-vereinsjubilaeum-2023-rundbrief-des-1-vorsitzenden-joachim-heister","status":"publish","type":"page","link":"https:\/\/kt43.koeln\/?page_id=677","title":{"rendered":"180. Geburtstag &#8211; Bericht des 1. Vorsitzenden Joachim Heister"},"content":{"rendered":"<p>Liebe KT-Mitglieder, Eltern, Freunde und F\u00f6rderer der K\u00f6lner Turnerschaft von 1843 e.V.,<\/p>\n<p>als wir vor 5 Jahren Ende September 2018 unser 175-j\u00e4hriges Vereinsjubil\u00e4um mit einem gro\u00dfen Spiel- und Erlebnisfest rund um unser Vereinsheim und in der Turnhalle des Gymnasiums Kreuzgasse gefeiert haben, waren wir alle voller Zuversicht, dass wir auch unseren 180-j\u00e4hrigen Geburtstag am 5. November 2023 ohne gr\u00f6\u00dfere Probleme erreichen werden. Damals hatte niemand auch nur die leiseste Ahnung davon, was uns die Corona-Pandemie an Schwierigkeiten, Einschr\u00e4nkungen, Entbehrungen, sozialen Kontaktverlusten, finanziellen Einbu\u00dfen etc. bringen w\u00fcrde. Unz\u00e4hlige Stunden, Tage, Wochen und Monate mussten wir uns mit immer neuen und zum Teil kaum noch nachvollziehbaren Regelungen und Auflagen besch\u00e4ftigen und diese in die Praxis umsetzen, um im wahrsten Sinne des Wortes das \u201e\u00dcberleben\u201c unseres Vereins zu sichern.<\/p>\n<p>Heute k\u00f6nnen wir \u2013 und damit meine ich den gesamten Vorstand und den Gesch\u00e4ftsf\u00fchrer sowie unsere Casinochefin Annemarie K\u00f6ttgen \u2013 mit Stolz sagen, dass uns dies gelungen ist. Wir haben es geschafft, die Mitgliederzahlen im Gegensatz zu vielen anderen Sportvereinen erfreulich stabil zu halten. Unsere \u00dcbungsleiterinnen und \u00dcbungsleiter, Trainer und Trainerinnen haben uns \u201edie Stange gehalten\u201c und damit wesentlich dazu beigetragen, dass unsere Vereinsmitglieder trotz eines vor\u00fcbergehend nicht mehr m\u00f6glichen bzw. danach f\u00fcr lange Zeit eingeschr\u00e4nkten und stark reglementierten Sportangebots ihre Mitgliedschaft aufrechterhalten haben. Das ist nicht selbstverst\u00e4ndlich \u2013 und daf\u00fcr bedanke ich mich bei allen, die dies erm\u00f6glicht haben, ganz herzlich!!!<\/p>\n<p>Diese au\u00dfergew\u00f6hnlich positiven Erfahrungen lassen mich zuversichtlich in die Zukunft schauen und unserem 200-j\u00e4hrigen Geburtstag entgegensehen. Es wird allerdings ma\u00dfgeblich darauf ankommen, dass wir die sich f\u00fcr die kommenden Jahre abzeichnenden Herausforderungen wie z.B. die Auswirkungen der Generalsanierung des denkmalgesch\u00fctzten Gymnasiums Kreuzgasse, die Sanierung maroder K\u00f6lner Schulsporthallen, die Sportplatzerneuerung an unserem Vereinsheim oder die politisch beschlossene Einf\u00fchrung eines Rechtsanspruchs auf schulische Ganztagsbetreuung (OGS) ab 2026\/2027 gemeinsam meistern. Deshalb meine Bitte: bleibt uns alle weiterhin so eng verbunden wie bisher, lasst uns gerne Vorschl\u00e4ge zur Weiterentwicklung und Zukunftsgestaltung zukommen\u2026und wor\u00fcber sich der Vorstand ganz besonders freuen w\u00fcrde w\u00e4ren Interessensbekundungen f\u00fcr eine k\u00fcnftige Mitarbeit im Vereinsvorstand, der 2024 neu gew\u00e4hlt werden muss.<\/p>\n<p>In diesem Sinne gr\u00fc\u00dft Sie\/Euch ganz herzlich mit sportlichen Gr\u00fc\u00dfen im Namen des gesamten Vorstands<\/p>\n<p>Joachim Heister<\/p>\n<ol>\n<li>Vorsitzender<\/li>\n<\/ol>\n","protected":false},"excerpt":{"rendered":"<p>Liebe KT-Mitglieder, Eltern, Freunde und F\u00f6rderer der K\u00f6lner Turnerschaft von 1843 e.V., als wir vor 5 Jahren Ende September 2018 unser 175-j\u00e4hriges Vereinsjubil\u00e4um mit einem gro\u00dfen Spiel- und Erlebnisfest rund um unser Vereinsheim und in der Turnhalle des Gymnasiums Kreuzgasse &hellip; <a href=\"https:\/\/kt43.koeln\/?page_id=677\">Weiterlesen <span class=\"meta-nav\">&rarr;<\/span><\/a><\/p>\n","protected":false},"author":1,"featured_media":0,"parent":267,"menu_order":0,"comment_status":"closed","ping_status":"closed","template":"","meta":{"footnotes":""},"class_list":["post-677","page","type-page","status-publish","hentry"],"_links":{"self":[{"href":"https:\/\/kt43.koeln\/index.php?rest_route=\/wp\/v2\/pages\/677","targetHints":{"allow":["GET"]}}],"collection":[{"href":"https:\/\/kt43.koeln\/index.php?rest_route=\/wp\/v2\/pages"}],"about":[{"href":"https:\/\/kt43.koeln\/index.php?rest_route=\/wp\/v2\/types\/page"}],"author":[{"embeddable":true,"href":"https:\/\/kt43.koeln\/index.php?rest_route=\/wp\/v2\/users\/1"}],"replies":[{"embeddable":true,"href":"https:\/\/kt43.koeln\/index.php?rest_route=%2Fwp%2Fv2%2Fcomments&post=677"}],"version-history":[{"count":8,"href":"https:\/\/kt43.koeln\/index.php?rest_route=\/wp\/v2\/pages\/677\/revisions"}],"predecessor-version":[{"id":721,"href":"https:\/\/kt43.koeln\/index.php?rest_route=\/wp\/v2\/pages\/677\/revisions\/721"}],"up":[{"embeddable":true,"href":"https:\/\/kt43.koeln\/index.php?rest_route=\/wp\/v2\/pages\/267"}],"wp:attachment":[{"href":"https:\/\/kt43.koeln\/index.php?rest_route=%2Fwp%2Fv2%2Fmedia&parent=677"}],"curies":[{"name":"wp","href":"https:\/\/api.w.org\/{rel}","templated":true}]}}