{"id":680,"date":"2023-10-29T18:04:33","date_gmt":"2023-10-29T18:04:33","guid":{"rendered":"https:\/\/kt43.koeln\/?page_id=680"},"modified":"2023-10-29T20:48:48","modified_gmt":"2023-10-29T20:48:48","slug":"mitarbeit-im-ehrenamt","status":"publish","type":"page","link":"https:\/\/kt43.koeln\/?page_id=680","title":{"rendered":"Mitarbeit im Vorstand"},"content":{"rendered":"<p>Die K\u00f6lner Turnerschaft von 1843 e.V. sucht Interessierte f\u00fcr die Vorstandsarbeit. Hilfreich w\u00e4ren Kenntnisse und Erfahrungen insbesondere in den Bereichen<\/p>\n<ul>\n<li>Technische Geb\u00e4udebetreuung<\/li>\n<li>Buchhaltung, Finanzen<\/li>\n<li>Versicherungen<\/li>\n<li>Personalangelegenheiten<\/li>\n<\/ul>\n<p>Interessentinnen und Interessenten melden sich beim Gesch\u00e4ftsf\u00fchrer Gerd Wingert unter mail@kt43.de oder Telefon 02232-2065465.<\/p>\n<p>Vielen Dank<\/p>\n<p>Joachim Heister<br \/>\n1.Vorsitzender<\/p>\n","protected":false},"excerpt":{"rendered":"<p>Die K\u00f6lner Turnerschaft von 1843 e.V. sucht Interessierte f\u00fcr die Vorstandsarbeit. Hilfreich w\u00e4ren Kenntnisse und Erfahrungen insbesondere in den Bereichen Technische Geb\u00e4udebetreuung Buchhaltung, Finanzen Versicherungen Personalangelegenheiten Interessentinnen und Interessenten melden sich beim Gesch\u00e4ftsf\u00fchrer Gerd Wingert unter mail@kt43.de oder Telefon 02232-2065465. &hellip; <a href=\"https:\/\/kt43.koeln\/?page_id=680\">Weiterlesen <span class=\"meta-nav\">&rarr;<\/span><\/a><\/p>\n","protected":false},"author":1,"featured_media":0,"parent":0,"menu_order":0,"comment_status":"closed","ping_status":"closed","template":"","meta":{"footnotes":""},"class_list":["post-680","page","type-page","status-publish","hentry"],"_links":{"self":[{"href":"https:\/\/kt43.koeln\/index.php?rest_route=\/wp\/v2\/pages\/680","targetHints":{"allow":["GET"]}}],"collection":[{"href":"https:\/\/kt43.koeln\/index.php?rest_route=\/wp\/v2\/pages"}],"about":[{"href":"https:\/\/kt43.koeln\/index.php?rest_route=\/wp\/v2\/types\/page"}],"author":[{"embeddable":true,"href":"https:\/\/kt43.koeln\/index.php?rest_route=\/wp\/v2\/users\/1"}],"replies":[{"embeddable":true,"href":"https:\/\/kt43.koeln\/index.php?rest_route=%2Fwp%2Fv2%2Fcomments&post=680"}],"version-history":[{"count":8,"href":"https:\/\/kt43.koeln\/index.php?rest_route=\/wp\/v2\/pages\/680\/revisions"}],"predecessor-version":[{"id":700,"href":"https:\/\/kt43.koeln\/index.php?rest_route=\/wp\/v2\/pages\/680\/revisions\/700"}],"wp:attachment":[{"href":"https:\/\/kt43.koeln\/index.php?rest_route=%2Fwp%2Fv2%2Fmedia&parent=680"}],"curies":[{"name":"wp","href":"https:\/\/api.w.org\/{rel}","templated":true}]}}